{"id":205895,"date":"2024-10-31T21:26:11","date_gmt":"2025-02-13T16:03:45","guid":{"rendered":"https:\/\/staging.nbg.eu\/product\/front-sight-fiber-optic-rods\/"},"modified":"2025-02-13T16:03:45","modified_gmt":"2025-02-13T16:03:45","slug":"opticka-vlakna-pro-musku","status":"publish","type":"product","link":"https:\/\/staging.nbg.eu\/cs\/produkt\/opticka-vlakna-pro-musku\/","title":{"rendered":"Optick\u00e1 vl\u00e1kna pro mu\u0161ku"},"content":{"rendered":"","protected":false},"excerpt":{"rendered":"","protected":false},"featured_media":75112,"template":"","meta":{"_acf_changed":false},"product_brand":[],"product_cat":[12710,12666],"product_tag":[],"class_list":{"0":"post-205895","1":"product","2":"type-product","3":"status-publish","4":"has-post-thumbnail","6":"product_cat-dily-na-pistole","7":"product_cat-pistole","9":"first","10":"instock","11":"taxable","12":"shipping-taxable","13":"purchasable","14":"product-type-variable","15":"wvs-archive-product-wrapper"},"acf":[],"_links":{"self":[{"href":"https:\/\/staging.nbg.eu\/cs\/wp-json\/wp\/v2\/product\/205895","targetHints":{"allow":["GET"]}}],"collection":[{"href":"https:\/\/staging.nbg.eu\/cs\/wp-json\/wp\/v2\/product"}],"about":[{"href":"https:\/\/staging.nbg.eu\/cs\/wp-json\/wp\/v2\/types\/product"}],"wp:featuredmedia":[{"embeddable":true,"href":"https:\/\/staging.nbg.eu\/cs\/wp-json\/wp\/v2\/media\/75112"}],"wp:attachment":[{"href":"https:\/\/staging.nbg.eu\/cs\/wp-json\/wp\/v2\/media?parent=205895"}],"wp:term":[{"taxonomy":"product_brand","embeddable":true,"href":"https:\/\/staging.nbg.eu\/cs\/wp-json\/wp\/v2\/product_brand?post=205895"},{"taxonomy":"product_cat","embeddable":true,"href":"https:\/\/staging.nbg.eu\/cs\/wp-json\/wp\/v2\/product_cat?post=205895"},{"taxonomy":"product_tag","embeddable":true,"href":"https:\/\/staging.nbg.eu\/cs\/wp-json\/wp\/v2\/product_tag?post=205895"}],"curies":[{"name":"wp","href":"https:\/\/api.w.org\/{rel}","templated":true}]}}