{"id":205356,"date":"2024-08-16T18:01:15","date_gmt":"2025-02-13T15:23:58","guid":{"rendered":"https:\/\/staging.nbg.eu\/product\/rhh-ipsc-holster-mount-509\/"},"modified":"2025-02-13T15:25:18","modified_gmt":"2025-02-13T15:25:18","slug":"rhh-ipsc-pouzdro-montaz-509","status":"publish","type":"product","link":"https:\/\/staging.nbg.eu\/cs\/produkt\/rhh-ipsc-pouzdro-montaz-509\/","title":{"rendered":"RHH IPSC pouzdro mont\u00e1\u017e .509"},"content":{"rendered":"<div class=\"product-description\">\n<h2>RHH IPSC Dr\u017e\u00e1k pouzdra .509<\/h2>\n<p>RHH IPSC Dr\u017e\u00e1k pouzdra .509 nab\u00edz\u00ed mo\u017enosti p\u0159izp\u016fsoben\u00ed pro va\u0161e pouzdro:<\/p>\n<ul>\n<li><strong>Nastaviteln\u00fd sklon:<\/strong> Upravte \u00fahel v libovoln\u00e9m sm\u011bru podle va\u0161ich preferenc\u00ed, s mo\u017enost\u00ed snadn\u00e9 zm\u011bny kdykoli.<\/li>\n<li><strong>V\u00edceos\u00e1 konfigurace:<\/strong> Kombinace s nastaven\u00edm v\u00fd\u0161ky umo\u017e\u0148uje pr\u016fb\u011b\u017en\u00e9 zm\u011bny a\u017e ve t\u0159ech os\u00e1ch p\u0159i zachov\u00e1n\u00ed po\u017eadovan\u00e9 v\u00fd\u0161ky.<\/li>\n<li><strong>Ovl\u00e1d\u00e1n\u00ed bo\u010dn\u00edho n\u00e1klonu:<\/strong> Nastavte n\u00e1klon pouzdra uta\u017een\u00edm \u0161roub\u016f. Obsahuje dv\u011b sady \u0161roub\u016f a podlo\u017eek pro r\u016fzn\u00e9 vzd\u00e1lenosti od t\u011bla.<\/li>\n<li><strong>Flexibiln\u00ed nastaven\u00ed v\u00fd\u0161ky:<\/strong> V\u00edce otvor\u016f pro \u0161rouby umo\u017e\u0148uje optimalizovat v\u00fd\u0161ku pouzdra vzhledem k va\u0161emu opasku pro snadn\u011bj\u0161\u00ed tasen\u00ed zbran\u011b.<\/li>\n<\/ul>\n<p><strong>Hmotnost:<\/strong> 0,19 kg<\/p>\n<p>RHH IPSC Dr\u017e\u00e1k pouzdra .509 umo\u017e\u0148uje personalizovan\u00e9 a efektivn\u00ed nastaven\u00ed pro st\u0159elbu.<\/p>\n<\/div>\n","protected":false},"excerpt":{"rendered":"<p>Nastaviteln\u00fd dr\u017e\u00e1k pro IPSC pouzdro: p\u0159izp\u016fsobiteln\u00fd sklon, v\u00fd\u0161ka a \u00fahel.<\/p>\n","protected":false},"featured_media":23126,"template":"","meta":{"_acf_changed":false},"product_brand":[11630],"product_cat":[12696,12701],"product_tag":[],"class_list":{"0":"post-205356","1":"product","2":"type-product","3":"status-publish","4":"has-post-thumbnail","6":"product_brand-rh-holsters","7":"product_cat-prislusenstvi-k-pouzdru","8":"product_cat-sportovni-pouzdro","10":"first","11":"instock","12":"taxable","13":"shipping-taxable","14":"purchasable","15":"product-type-simple"},"acf":[],"_links":{"self":[{"href":"https:\/\/staging.nbg.eu\/cs\/wp-json\/wp\/v2\/product\/205356","targetHints":{"allow":["GET"]}}],"collection":[{"href":"https:\/\/staging.nbg.eu\/cs\/wp-json\/wp\/v2\/product"}],"about":[{"href":"https:\/\/staging.nbg.eu\/cs\/wp-json\/wp\/v2\/types\/product"}],"wp:featuredmedia":[{"embeddable":true,"href":"https:\/\/staging.nbg.eu\/cs\/wp-json\/wp\/v2\/media\/23126"}],"wp:attachment":[{"href":"https:\/\/staging.nbg.eu\/cs\/wp-json\/wp\/v2\/media?parent=205356"}],"wp:term":[{"taxonomy":"product_brand","embeddable":true,"href":"https:\/\/staging.nbg.eu\/cs\/wp-json\/wp\/v2\/product_brand?post=205356"},{"taxonomy":"product_cat","embeddable":true,"href":"https:\/\/staging.nbg.eu\/cs\/wp-json\/wp\/v2\/product_cat?post=205356"},{"taxonomy":"product_tag","embeddable":true,"href":"https:\/\/staging.nbg.eu\/cs\/wp-json\/wp\/v2\/product_tag?post=205356"}],"curies":[{"name":"wp","href":"https:\/\/api.w.org\/{rel}","templated":true}]}}