{"id":205240,"date":"2024-09-02T10:50:03","date_gmt":"2025-02-13T15:09:18","guid":{"rendered":"https:\/\/staging.nbg.eu\/product\/badger-ordnance-c1-12-oclock-top-optical-platform-for-trijicon-rmr\/"},"modified":"2025-02-13T15:11:28","modified_gmt":"2025-02-13T15:11:28","slug":"badger-ordnance-c1-12-hodin-horni-opticka-platforma-pro-trijicon-rmr","status":"publish","type":"product","link":"https:\/\/staging.nbg.eu\/cs\/produkt\/badger-ordnance-c1-12-hodin-horni-opticka-platforma-pro-trijicon-rmr\/","title":{"rendered":"Badger Ordnance C1 12 hodin horn\u00ed optick\u00e1 platforma pro Trijicon RMR"},"content":{"rendered":"<div class=\"product-description\">\n<h2>Badger Ordnance C1 12 O&#8217;clock horn\u00ed optick\u00e1 platforma pro Trijicon RMR<\/h2>\n<p>Badger Ordnance C1 12TOP je mont\u00e1\u017en\u00ed \u0159e\u0161en\u00ed navr\u017een\u00e9 pro integraci optiky Trijicon RMR nebo kompatibiln\u00ed optiky na syst\u00e9m C1 ARC. Tato platforma nab\u00edz\u00ed konfiguraci \u010derven\u00e9ho bodu v poloze 12 hodin pro rychlou akvizici c\u00edle.<\/p>\n<h2>Hlavn\u00ed vlastnosti:<\/h2>\n<ul>\n<li>Vyrobeno z hlin\u00edku 6061 T6<\/li>\n<li>Povrchov\u00e1 \u00faprava Type III Hardcoat Anodized pro odolnost<\/li>\n<li>Lehk\u00e1 konstrukce, v\u00e1\u017e\u00ed pouze 0,5 oz<\/li>\n<li>Obsahuje adhezivn\u00ed vodot\u011bsnou podlo\u017eku pro bezpe\u010dnou mont\u00e1\u017e<\/li>\n<li>Kompatibiln\u00ed s r\u016fzn\u00fdmi optikami pou\u017e\u00edvaj\u00edc\u00edmi z\u00e1kladnu Trijicon RMR<\/li>\n<\/ul>\n<h2>Kompatibilita:<\/h2>\n<p>C1 12TOP je kompatibiln\u00ed s \u0159adou optik, v\u010detn\u011b:<\/p>\n<ul>\n<li>Trijicon RMR a SRO<\/li>\n<li>Holosun HS407C, HS507C a HS508T<\/li>\n<li>Swampfox Kingslayer, Liberty RMR 1&#215;22 a Justice RMR 1&#215;27<\/li>\n<li>NcStar VISM FlipDot Pro<\/li>\n<li>Riton X3 Tactix PRD<\/li>\n<li>Vector Optics Frenzy 1x22x26<\/li>\n<\/ul>\n<p>Badger Ordnance C1 12 O&#8217;clock horn\u00ed optick\u00e1 platforma nab\u00edz\u00ed vylep\u0161enou p\u0159esnost a v\u0161estrannost p\u0159i st\u0159elb\u011b.<\/p>\n<\/div>\n","protected":false},"excerpt":{"rendered":"<p>Badger C1 12TOP: Lehk\u00fd RMR dr\u017e\u00e1k pro optiku na 12. hodin\u011b<\/p>\n","protected":false},"featured_media":35403,"template":"","meta":{"_acf_changed":false},"product_brand":[11083],"product_cat":[12686,12685],"product_tag":[],"class_list":{"0":"post-205240","1":"product","2":"type-product","3":"status-publish","4":"has-post-thumbnail","6":"product_brand-badger-ordnance","7":"product_cat-kolimatory","8":"product_cat-mireni","10":"first","11":"instock","12":"taxable","13":"shipping-taxable","14":"purchasable","15":"product-type-simple"},"acf":[],"_links":{"self":[{"href":"https:\/\/staging.nbg.eu\/cs\/wp-json\/wp\/v2\/product\/205240","targetHints":{"allow":["GET"]}}],"collection":[{"href":"https:\/\/staging.nbg.eu\/cs\/wp-json\/wp\/v2\/product"}],"about":[{"href":"https:\/\/staging.nbg.eu\/cs\/wp-json\/wp\/v2\/types\/product"}],"wp:featuredmedia":[{"embeddable":true,"href":"https:\/\/staging.nbg.eu\/cs\/wp-json\/wp\/v2\/media\/35403"}],"wp:attachment":[{"href":"https:\/\/staging.nbg.eu\/cs\/wp-json\/wp\/v2\/media?parent=205240"}],"wp:term":[{"taxonomy":"product_brand","embeddable":true,"href":"https:\/\/staging.nbg.eu\/cs\/wp-json\/wp\/v2\/product_brand?post=205240"},{"taxonomy":"product_cat","embeddable":true,"href":"https:\/\/staging.nbg.eu\/cs\/wp-json\/wp\/v2\/product_cat?post=205240"},{"taxonomy":"product_tag","embeddable":true,"href":"https:\/\/staging.nbg.eu\/cs\/wp-json\/wp\/v2\/product_tag?post=205240"}],"curies":[{"name":"wp","href":"https:\/\/api.w.org\/{rel}","templated":true}]}}