{"id":203012,"date":"2024-08-01T13:29:21","date_gmt":"2025-02-13T10:02:46","guid":{"rendered":"https:\/\/staging.nbg.eu\/product\/rh-owb-sport-holster\/"},"modified":"2025-02-13T10:05:39","modified_gmt":"2025-02-13T10:05:39","slug":"rh-owb-sportovni-pouzdro","status":"publish","type":"product","link":"https:\/\/staging.nbg.eu\/cs\/produkt\/rh-owb-sportovni-pouzdro\/","title":{"rendered":"RH OWB sportovn\u00ed pouzdro"},"content":{"rendered":"<div class=\"product-description\">\n<h2>RH OWB sportovn\u00ed pouzdro<\/h2>\n<p>RH OWB sportovn\u00ed pouzdro pro IPSC sportovn\u00ed st\u0159elbu. Vyrobeno z kydexu, toto pouzdro poskytuje bezpe\u010dn\u00e9 uchycen\u00ed zbran\u011b a nab\u00edz\u00ed nastaviteln\u00fd odpor pro optim\u00e1ln\u00ed tasen\u00ed.<\/p>\n<h2>Hlavn\u00ed vlastnosti:<\/h2>\n<ul>\n<li>Vyrobeno na m\u00edru pro jak\u00fdkoli model zbran\u011b<\/li>\n<li>K dispozici v r\u016fzn\u00fdch barv\u00e1ch<\/li>\n<li>Ur\u010deno pro no\u0161en\u00ed na zes\u00edlen\u00fdch st\u0159eleck\u00fdch opasc\u00edch<\/li>\n<li>Um\u00edst\u011bno n\u00ed\u017ee na opasku pro rychlej\u0161\u00ed tasen\u00ed<\/li>\n<li>V\u00fdb\u011br upev\u0148ovac\u00edch syst\u00e9m\u016f:\n<ul>\n<li>Blade-Tech Tek-Lok<\/li>\n<li>RHH IPSC \u00fachyt (pln\u011b nastaviteln\u00fd)<\/li>\n<\/ul>\n<\/li>\n<li>Nastaviteln\u00e9 nap\u011bt\u00ed \u00fachopu<\/li>\n<li>Design bez ochrann\u00e9ho prvku proti potu pro snadn\u011bj\u0161\u00ed tasen\u00ed<\/li>\n<\/ul>\n<h2>Vlastnosti RHH IPSC \u00fachytu:<\/h2>\n<ul>\n<li>Plynul\u00e9 nastaven\u00ed \u00fahlu pouzdra<\/li>\n<li>Nastaviteln\u00e1 vzd\u00e1lenost od t\u011bla<\/li>\n<li>Mo\u017enost nastaven\u00ed v\u00fd\u0161ky<\/li>\n<li>K dispozici v \u010dern\u00e9, modr\u00e9 a fialov\u00e9 barv\u011b<\/li>\n<\/ul>\n<p>Vhodn\u00e9 pro za\u010d\u00e1te\u010dn\u00edky i pokro\u010dil\u00e9 st\u0159elce, toto pouzdro p\u0159esn\u011b kop\u00edruje tvar va\u0161\u00ed zbran\u011b. Lze kombinovat s na\u0161imi odpov\u00eddaj\u00edc\u00edmi pouzdry na z\u00e1sobn\u00edky a magnetick\u00fdmi dr\u017e\u00e1ky pro kompletn\u00ed IPSC st\u0159eleckou sadu.<\/p>\n<p>Pouzdro je vyu\u017e\u00edv\u00e1no \u00fasp\u011b\u0161n\u00fdmi \u010desk\u00fdmi IPSC z\u00e1vodn\u00edky. RH OWB sportovn\u00ed pouzdro nab\u00edz\u00ed mo\u017enosti p\u0159izp\u016fsoben\u00ed pro sportovn\u00ed st\u0159elbu.<\/p>\n<\/div>\n","protected":false},"excerpt":{"rendered":"<p>RH OWB Sport Holster: Zak\u00e1zkov\u00e9 IPSC kydexov\u00e9 pouzdro pro rychl\u00e9 a p\u0159esn\u00e9 tasen\u00ed.<\/p>\n","protected":false},"featured_media":152783,"template":"","meta":{"_acf_changed":false},"product_brand":[11630],"product_cat":[12663,12701],"product_tag":[],"class_list":{"0":"post-203012","1":"product","2":"type-product","3":"status-publish","4":"has-post-thumbnail","6":"product_brand-rh-holsters","7":"product_cat-pouzdro","8":"product_cat-sportovni-pouzdro","9":"pa_model-cz-75-shadow-2-cs","10":"pa_model-glock-17-cs","11":"pa_model-glock-34-cs","12":"pa_model-kmr-spectra-cs","13":"pa_model-kmr-umbra-cs","14":"pa_strong-hand-left-cs","15":"pa_strong-hand-right-cs","17":"first","18":"instock","19":"taxable","20":"shipping-taxable","21":"purchasable","22":"product-type-variable","23":"wvs-archive-product-wrapper"},"acf":[],"_links":{"self":[{"href":"https:\/\/staging.nbg.eu\/cs\/wp-json\/wp\/v2\/product\/203012","targetHints":{"allow":["GET"]}}],"collection":[{"href":"https:\/\/staging.nbg.eu\/cs\/wp-json\/wp\/v2\/product"}],"about":[{"href":"https:\/\/staging.nbg.eu\/cs\/wp-json\/wp\/v2\/types\/product"}],"wp:featuredmedia":[{"embeddable":true,"href":"https:\/\/staging.nbg.eu\/cs\/wp-json\/wp\/v2\/media\/152783"}],"wp:attachment":[{"href":"https:\/\/staging.nbg.eu\/cs\/wp-json\/wp\/v2\/media?parent=203012"}],"wp:term":[{"taxonomy":"product_brand","embeddable":true,"href":"https:\/\/staging.nbg.eu\/cs\/wp-json\/wp\/v2\/product_brand?post=203012"},{"taxonomy":"product_cat","embeddable":true,"href":"https:\/\/staging.nbg.eu\/cs\/wp-json\/wp\/v2\/product_cat?post=203012"},{"taxonomy":"product_tag","embeddable":true,"href":"https:\/\/staging.nbg.eu\/cs\/wp-json\/wp\/v2\/product_tag?post=203012"}],"curies":[{"name":"wp","href":"https:\/\/api.w.org\/{rel}","templated":true}]}}