{"id":199788,"date":"2024-07-29T19:03:50","date_gmt":"2025-02-11T11:21:13","guid":{"rendered":"https:\/\/staging.nbg.eu\/product\/the-shear-hammock\/"},"modified":"2025-02-11T11:23:32","modified_gmt":"2025-02-11T11:23:32","slug":"zavesna-sit-the-shear","status":"publish","type":"product","link":"https:\/\/staging.nbg.eu\/cs\/produkt\/zavesna-sit-the-shear\/","title":{"rendered":"Z\u00e1v\u011bsn\u00e1 s\u00ed\u0165 The Shear"},"content":{"rendered":"<div class=\"product-description\">\n<h2>Pouzdro na n\u016f\u017eky<\/h2>\n<p>Pouzdro pro p\u0159en\u00e1\u0161en\u00ed z\u00e1kladn\u00edho zdravotnick\u00e9ho vybaven\u00ed. Tento v\u00fdrobek umo\u017e\u0148uje no\u0161en\u00ed turniketu, n\u016f\u017eek nebo jin\u00fdch podobn\u011b velk\u00fdch p\u0159edm\u011bt\u016f na st\u00e1vaj\u00edc\u00edm opasku nebo bra\u0161n\u011b s MOLLE syst\u00e9mem.<\/p>\n<h2>Hlavn\u00ed vlastnosti:<\/h2>\n<ul>\n<li>P\u0159ipevn\u011bn\u00ed k MOLLE syst\u00e9mu nebo opasku<\/li>\n<li>Navr\u017eeno pro rychl\u00e9 pou\u017eit\u00ed<\/li>\n<li>Vhodn\u00e9 pro CAT turniket a podobn\u011b velk\u00e9 p\u0159edm\u011bty<\/li>\n<li>Chr\u00e1n\u00ed vybaven\u00ed p\u0159ed UV z\u00e1\u0159en\u00edm, pov\u011btrnostn\u00edmi vlivy, ne\u010distotami a \u00falomky<\/li>\n<li>Nevy\u017eaduje dodate\u010dn\u00fd mont\u00e1\u017en\u00ed prostor<\/li>\n<\/ul>\n<h2>Specifikace:<\/h2>\n<ul>\n<li>Hmotnost: 19g<\/li>\n<li>\u010c\u00edslo d\u00edlu: TSP-TQ-01<\/li>\n<li>Rozm\u011bry (pr\u00e1zdn\u00e9): 12,7 cm x 7,6 cm x 1 cm<\/li>\n<li>Rozm\u011bry (pln\u00e9): 12,7 cm x 7,6 cm x 6,4 cm<\/li>\n<li>Materi\u00e1ly: Ultracomp, barven\u00e1 CORDURA\u00ae tkanina<\/li>\n<li>Dostupn\u00e9 barvy: \u010cern\u00e1, Kojot\u00ed hn\u011bd\u00e1 a Multicam<\/li>\n<\/ul>\n<p>Pouzdro na n\u016f\u017eky je dopln\u011bk k Micro Trauma Kit NOW!\u00ae, umo\u017e\u0148uj\u00edc\u00ed m\u00edt turniket snadno p\u0159\u00edstupn\u00fd bez kompromis\u016f v prostoru nebo ochran\u011b. Lze jej snadno p\u0159ipevnit k jak\u00e9mukoli MOLLE nebo opaskov\u00e9mu Micro TKN, nebo k jin\u00e9 MOLLE bra\u0161n\u011b se 3 sloupci MOLLE.<\/p>\n<p>Pouzdro na n\u016f\u017eky je ur\u010deno pro p\u0159en\u00e1\u0161en\u00ed d\u016fle\u017eit\u00e9ho zdravotnick\u00e9ho vybaven\u00ed.<\/p>\n<\/div>\n","protected":false},"excerpt":{"rendered":"<p>Rychle p\u0159\u00edstupn\u00e9 pouzdro pro \u0161krtidla a n\u016f\u017eky na vybaven\u00ed MOLLE.<\/p>\n","protected":false},"featured_media":153978,"template":"","meta":{"_acf_changed":false},"product_brand":[11125],"product_cat":[12667,12676,12711],"product_tag":[],"class_list":{"0":"post-199788","1":"product","2":"type-product","3":"status-publish","4":"has-post-thumbnail","6":"product_brand-blue-force-gear","7":"product_cat-kapsy","8":"product_cat-vybaveni","9":"product_cat-zdravotnicky-material","11":"first","12":"instock","13":"taxable","14":"shipping-taxable","15":"purchasable","16":"product-type-variable","17":"wvs-archive-product-wrapper"},"acf":[],"_links":{"self":[{"href":"https:\/\/staging.nbg.eu\/cs\/wp-json\/wp\/v2\/product\/199788","targetHints":{"allow":["GET"]}}],"collection":[{"href":"https:\/\/staging.nbg.eu\/cs\/wp-json\/wp\/v2\/product"}],"about":[{"href":"https:\/\/staging.nbg.eu\/cs\/wp-json\/wp\/v2\/types\/product"}],"wp:featuredmedia":[{"embeddable":true,"href":"https:\/\/staging.nbg.eu\/cs\/wp-json\/wp\/v2\/media\/153978"}],"wp:attachment":[{"href":"https:\/\/staging.nbg.eu\/cs\/wp-json\/wp\/v2\/media?parent=199788"}],"wp:term":[{"taxonomy":"product_brand","embeddable":true,"href":"https:\/\/staging.nbg.eu\/cs\/wp-json\/wp\/v2\/product_brand?post=199788"},{"taxonomy":"product_cat","embeddable":true,"href":"https:\/\/staging.nbg.eu\/cs\/wp-json\/wp\/v2\/product_cat?post=199788"},{"taxonomy":"product_tag","embeddable":true,"href":"https:\/\/staging.nbg.eu\/cs\/wp-json\/wp\/v2\/product_tag?post=199788"}],"curies":[{"name":"wp","href":"https:\/\/api.w.org\/{rel}","templated":true}]}}