{"id":199682,"date":"2024-07-29T13:09:29","date_gmt":"2025-02-11T11:06:13","guid":{"rendered":"https:\/\/staging.nbg.eu\/product\/single-pistol-belt-pouch\/"},"modified":"2025-02-11T11:08:31","modified_gmt":"2025-02-11T11:08:31","slug":"sumka-na-pasek-pro-jednu-pistoli","status":"publish","type":"product","link":"https:\/\/staging.nbg.eu\/cs\/produkt\/sumka-na-pasek-pro-jednu-pistoli\/","title":{"rendered":"Sumka na p\u00e1sek pro jednu pistoli"},"content":{"rendered":"<div class=\"product-description\">\n<h2>Pouzdro na jeden pistolov\u00fd z\u00e1sobn\u00edk<\/h2>\n<p>Pouzdro Ten-Speed\u00ae na jeden pistolov\u00fd z\u00e1sobn\u00edk. Vhodn\u00e9 pro slu\u017eebn\u00ed nebo skryt\u00e9 no\u0161en\u00ed.<\/p>\n<ul>\n<li>Vhodn\u00e9 pro opasky do \u0161\u00ed\u0159ky 5 cm<\/li>\n<li>Pohodln\u00e9 celodenn\u00ed no\u0161en\u00ed bez ostr\u00fdch hran<\/li>\n<li>Elastick\u00e1 p\u0159edn\u00ed \u010d\u00e1st s ULTRAcomp\u2122 lamin\u00e1tem<\/li>\n<li>Syst\u00e9m zap\u00edn\u00e1n\u00ed na such\u00fd zip<\/li>\n<li>Vhodn\u00e9 pro jedno\u0159ad\u00e9 i dvou\u0159ad\u00e9 z\u00e1sobn\u00edky (a\u017e do velikosti HK45\/USP)<\/li>\n<li>Lze pou\u017e\u00edt i pro sv\u00edtilny, multifunk\u010dn\u00ed n\u00e1stroje nebo podobn\u00e9 p\u0159edm\u011bty<\/li>\n<li>Odn\u00edmateln\u00fd p\u00e1sek pro horizont\u00e1ln\u00ed upevn\u011bn\u00ed<\/li>\n<\/ul>\n<p>Rozm\u011bry: 5,7 cm x 11,4 cm | Hmotnost: 20 gram\u016f<\/p>\n<\/div>\n","protected":false},"excerpt":{"rendered":"<p>Bezpe\u010dn\u00e9, \u0161t\u00edhl\u00e9 pouzdro na opasek pro z\u00e1sobn\u00edk pistole nebo n\u00e1\u0159ad\u00ed. Rychl\u00fd p\u0159\u00edstup.<\/p>\n","protected":false},"featured_media":164219,"template":"","meta":{"_acf_changed":false},"product_brand":[11125],"product_cat":[12652,12667,12676],"product_tag":[],"class_list":{"0":"post-199682","1":"product","2":"type-product","3":"status-publish","4":"has-post-thumbnail","6":"product_brand-blue-force-gear","7":"product_cat-drzaky-zasobniku","8":"product_cat-kapsy","9":"product_cat-vybaveni","11":"first","12":"instock","13":"taxable","14":"shipping-taxable","15":"purchasable","16":"product-type-simple"},"acf":[],"_links":{"self":[{"href":"https:\/\/staging.nbg.eu\/cs\/wp-json\/wp\/v2\/product\/199682","targetHints":{"allow":["GET"]}}],"collection":[{"href":"https:\/\/staging.nbg.eu\/cs\/wp-json\/wp\/v2\/product"}],"about":[{"href":"https:\/\/staging.nbg.eu\/cs\/wp-json\/wp\/v2\/types\/product"}],"wp:featuredmedia":[{"embeddable":true,"href":"https:\/\/staging.nbg.eu\/cs\/wp-json\/wp\/v2\/media\/164219"}],"wp:attachment":[{"href":"https:\/\/staging.nbg.eu\/cs\/wp-json\/wp\/v2\/media?parent=199682"}],"wp:term":[{"taxonomy":"product_brand","embeddable":true,"href":"https:\/\/staging.nbg.eu\/cs\/wp-json\/wp\/v2\/product_brand?post=199682"},{"taxonomy":"product_cat","embeddable":true,"href":"https:\/\/staging.nbg.eu\/cs\/wp-json\/wp\/v2\/product_cat?post=199682"},{"taxonomy":"product_tag","embeddable":true,"href":"https:\/\/staging.nbg.eu\/cs\/wp-json\/wp\/v2\/product_tag?post=199682"}],"curies":[{"name":"wp","href":"https:\/\/api.w.org\/{rel}","templated":true}]}}