{"id":198975,"date":"2024-06-17T21:23:15","date_gmt":"2025-02-11T09:30:18","guid":{"rendered":"https:\/\/staging.nbg.eu\/product\/blue-force-gear-trauma-kit-now-medium\/"},"modified":"2025-02-11T09:32:38","modified_gmt":"2025-02-11T09:32:38","slug":"blue-force-gear-traumaticka-sada-now-stredni","status":"publish","type":"product","link":"https:\/\/staging.nbg.eu\/cs\/produkt\/blue-force-gear-traumaticka-sada-now-stredni\/","title":{"rendered":"Blue Force Gear traumatick\u00e1 sada NOW! &#8211; st\u0159edn\u00ed"},"content":{"rendered":"<h2>Blue Force Gear Trauma Kit NOW! &#8211; St\u0159edn\u00ed pr\u00e1zdn\u00fd<\/h2>\n<p>Trauma Kit NOW! &#8211; ST\u0158EDN\u00cd je l\u00e9k\u00e1rni\u010dka pro rychl\u00fd p\u0159\u00edstup, navr\u017een\u00e1 pro pou\u017eit\u00ed jednou rukou. P\u016fvodn\u011b vytvo\u0159ena pro obsah arm\u00e1dn\u00ed IFAK, je p\u0159izp\u016fsobiteln\u00e1 r\u016fzn\u00fdm l\u00e9ka\u0159sk\u00fdm vybaven\u00edm.<\/p>\n<ul>\n<li>Dvoud\u00edln\u00fd design: vn\u011bj\u0161\u00ed pouzdro MOLLE se syst\u00e9mem uchycen\u00ed Helium Whisper a vyj\u00edmateln\u00e1 vnit\u0159n\u00ed \u010d\u00e1st na vybaven\u00ed<\/li>\n<li>Z\u00fa\u017een\u00e9 vn\u011bj\u0161\u00ed pouzdro pro bezpe\u010dn\u00e9 uchycen\u00ed a snadn\u00e9 vyjmut\u00ed<\/li>\n<li>Vnit\u0159n\u00ed nosi\u010d s rychl\u00fdm vyta\u017een\u00edm a syst\u00e9mem Ball Loaded Index Point (BLIP) pro pou\u017eit\u00ed v n\u00e1ro\u010dn\u00fdch podm\u00ednk\u00e1ch<\/li>\n<li>MOLLE pole pro vn\u011bj\u0161\u00ed uchycen\u00ed \u0161krtidla<\/li>\n<li>Univerz\u00e1ln\u00ed design vhodn\u00fd pro vojensk\u00e9, policejn\u00ed a civiln\u00ed pou\u017eit\u00ed<\/li>\n<\/ul>\n<p>Jedna z nejrychleji pou\u017eiteln\u00fdch traumasad na trhu, navr\u017een\u00e1 pro kritick\u00e9 situace, kde z\u00e1le\u017e\u00ed na ka\u017ed\u00e9 sekund\u011b.<\/p>\n","protected":false},"excerpt":{"rendered":"<p>Rychle rozlo\u017eiteln\u00e1 l\u00e9ka\u0159sk\u00e1 ta\u0161ka s vyj\u00edmatelnou vnit\u0159n\u00ed p\u0159ihr\u00e1dkou pro p\u0159izp\u016fsoben\u00ed.<\/p>\n","protected":false},"featured_media":153793,"template":"","meta":{"_acf_changed":false},"product_brand":[11125],"product_cat":[12676,12711],"product_tag":[],"class_list":{"0":"post-198975","1":"product","2":"type-product","3":"status-publish","4":"has-post-thumbnail","6":"product_brand-blue-force-gear","7":"product_cat-vybaveni","8":"product_cat-zdravotnicky-material","10":"first","11":"instock","12":"taxable","13":"shipping-taxable","14":"purchasable","15":"product-type-variable","16":"wvs-archive-product-wrapper"},"acf":[],"_links":{"self":[{"href":"https:\/\/staging.nbg.eu\/cs\/wp-json\/wp\/v2\/product\/198975","targetHints":{"allow":["GET"]}}],"collection":[{"href":"https:\/\/staging.nbg.eu\/cs\/wp-json\/wp\/v2\/product"}],"about":[{"href":"https:\/\/staging.nbg.eu\/cs\/wp-json\/wp\/v2\/types\/product"}],"wp:featuredmedia":[{"embeddable":true,"href":"https:\/\/staging.nbg.eu\/cs\/wp-json\/wp\/v2\/media\/153793"}],"wp:attachment":[{"href":"https:\/\/staging.nbg.eu\/cs\/wp-json\/wp\/v2\/media?parent=198975"}],"wp:term":[{"taxonomy":"product_brand","embeddable":true,"href":"https:\/\/staging.nbg.eu\/cs\/wp-json\/wp\/v2\/product_brand?post=198975"},{"taxonomy":"product_cat","embeddable":true,"href":"https:\/\/staging.nbg.eu\/cs\/wp-json\/wp\/v2\/product_cat?post=198975"},{"taxonomy":"product_tag","embeddable":true,"href":"https:\/\/staging.nbg.eu\/cs\/wp-json\/wp\/v2\/product_tag?post=198975"}],"curies":[{"name":"wp","href":"https:\/\/api.w.org\/{rel}","templated":true}]}}