{"id":190102,"date":"2024-09-18T17:53:25","date_gmt":"2024-09-18T17:53:25","guid":{"rendered":"https:\/\/staging.nbg.eu\/product\/holosun-he509t-rd-x2\/"},"modified":"2025-02-04T15:10:56","modified_gmt":"2025-02-04T15:10:56","slug":"holosun-he509t-rd-x2","status":"publish","type":"product","link":"https:\/\/staging.nbg.eu\/cs\/produkt\/holosun-he509t-rd-x2\/","title":{"rendered":"Holosun HE509T-RD X2"},"content":{"rendered":"<h2>Holosun HE509T-RD X2: Uzav\u0159en\u00fd LED zam\u011b\u0159ova\u010d<\/h2>\n<p>Holosun HE509T-RD X2 je uzav\u0159en\u00fd LED zam\u011b\u0159ova\u010d navr\u017een\u00fd pro pou\u017eit\u00ed na pistol\u00edch. Tento optick\u00fd zam\u011b\u0159ova\u010d kombinuje odolnost, v\u0161estrannost a technologii pro vysok\u00fd v\u00fdkon v r\u016fzn\u00fdch situac\u00edch.<\/p>\n<h2>Hlavn\u00ed vlastnosti:<\/h2>\n<ul>\n<li>Pouzdro z titanu t\u0159\u00eddy 5 pro pevnost a odolnost proti korozi<\/li>\n<li>Pln\u011bno dus\u00edkem proti zaml\u017een\u00ed<\/li>\n<li>LED technologie s \u017eivotnost\u00ed baterie a\u017e 50 000 hodin<\/li>\n<li>Syst\u00e9m v\u00edce z\u00e1m\u011brn\u00fdch obrazc\u016f (MRS) s 2 MOA te\u010dkou, 32 MOA kruhem nebo kombinac\u00ed<\/li>\n<li>Sol\u00e1rn\u00ed technologie jako z\u00e1lo\u017en\u00ed zdroj energie<\/li>\n<li>Technologie aktivace pohybem pro prodlou\u017een\u00ed \u017eivotnosti baterie<\/li>\n<li>12 \u00farovn\u00ed jasu, v\u010detn\u011b 2 re\u017eim\u016f kompatibiln\u00edch s no\u010dn\u00edm vid\u011bn\u00edm<\/li>\n<li>Vylep\u0161en\u00e1 \u010distota skla ve verzi X2<\/li>\n<li>Re\u017eim uzam\u010den\u00ed nastaven\u00ed<\/li>\n<li>Adapt\u00e9r pro kompatibilitu s RMR mont\u00e1\u017e\u00ed<\/li>\n<\/ul>\n<h2>Pokro\u010dil\u00e9 technologie:<\/h2>\n<h3>Sol\u00e1rn\u00ed z\u00e1lo\u017en\u00ed zdroj<\/h3>\n<p>Tato funkce poskytuje z\u00e1lo\u017en\u00ed zdroj energie pomoc\u00ed p\u0159irozen\u00e9ho nebo um\u011bl\u00e9ho sv\u011btla. V automatick\u00e9m re\u017eimu se intenzita z\u00e1m\u011brn\u00e9ho obrazce upravuje podle okoln\u00edho osv\u011btlen\u00ed.<\/p>\n<h3>Aktivace pohybem<\/h3>\n<p>Prodlu\u017euje \u017eivotnost baterie deaktivac\u00ed LED p\u0159i ne\u010dinnosti a okam\u017eitou aktivac\u00ed p\u0159i detekci pohybu. Nastaven\u00ed lze p\u0159izp\u016fsobit.<\/p>\n<h3>Syst\u00e9m v\u00edce z\u00e1m\u011brn\u00fdch obrazc\u016f (MRS)<\/h3>\n<p>Volba mezi 2 MOA te\u010dkou, 32 MOA kruhem nebo kombinac\u00ed pro r\u016fzn\u00e9 situace a osobn\u00ed preference.<\/p>\n<h3>Titanov\u00e9 pouzdro<\/h3>\n<p>Pouzdro z titanu t\u0159\u00eddy 5 nab\u00edz\u00ed pevnost, odolnost a odolnost proti korozi, vhodn\u00e9 i pro n\u00e1ro\u010dn\u00e9 podm\u00ednky v\u010detn\u011b n\u00e1mo\u0159n\u00edho pou\u017eit\u00ed.<\/p>\n<h3>V\u00edcevrstv\u00e9 reflexn\u00ed sklo<\/h3>\n<p>Kvalitn\u00ed sklen\u011bn\u00e9 \u010do\u010dky s pokro\u010dil\u00fdmi v\u00edcevrstv\u00fdmi povlaky zaji\u0161\u0165uj\u00ed maxim\u00e1ln\u00ed p\u0159enos sv\u011btla, sn\u00ed\u017een\u00fd odlesk a vysokou intenzitu a jasnost z\u00e1m\u011brn\u00e9ho obrazce.<\/p>\n<h2>Technick\u00e9 specifikace:<\/h2>\n<ul>\n<li>Velikost okna: 0,66&#8243; x 0,9&#8243;<\/li>\n<li>Rozm\u011bry: 1,6&#8243; x 1,16&#8243; x 1,13&#8243;<\/li>\n<li>Hmotnost: 1,72 oz<\/li>\n<li>Materi\u00e1l pouzdra: Titan t\u0159\u00eddy 5<\/li>\n<li>Nastaven\u00ed na kliknut\u00ed: 1 MOA<\/li>\n<li>Rozsah nastaven\u00ed stranov\u00e9ho a v\u00fd\u0161kov\u00e9ho posunu: \u00b130 MOA<\/li>\n<li>Provozn\u00ed teplota: -30\u00b0C a\u017e 60\u00b0C<\/li>\n<li>Skladovac\u00ed teplota: -40\u00b0C a\u017e 70\u00b0C<\/li>\n<li>Odolnost proti vod\u011b: IP67<\/li>\n<li>Odolnost proti vibrac\u00edm: 5000G<\/li>\n<\/ul>\n<p>Holosun HE509T-RD X2 kombinuje odolnost, pokro\u010dilou technologii a p\u0159esnost v kompaktn\u00edm proveden\u00ed pro pistole.<\/p>\n","protected":false},"excerpt":{"rendered":"<p>Odoln\u00fd LED zam\u011b\u0159ova\u010d pro pistole v titanov\u00e9m pouzd\u0159e. Sol\u00e1rn\u00ed nap\u00e1jen\u00ed, aktivace pohybem, v\u00edce typ\u016f z\u00e1m\u011brn\u00e9 osnovy.<\/p>\n","protected":false},"featured_media":64749,"template":"","meta":{"_acf_changed":false},"product_brand":[11426],"product_cat":[12686,12685,12666,12665],"product_tag":[],"class_list":{"0":"post-190102","1":"product","2":"type-product","3":"status-publish","4":"has-post-thumbnail","6":"product_brand-holosun","7":"product_cat-kolimatory","8":"product_cat-mireni","9":"product_cat-pistole","10":"product_cat-pistolove-kolimatory","12":"first","13":"outofstock","14":"taxable","15":"shipping-taxable","16":"purchasable","17":"product-type-simple"},"acf":[],"_links":{"self":[{"href":"https:\/\/staging.nbg.eu\/cs\/wp-json\/wp\/v2\/product\/190102","targetHints":{"allow":["GET"]}}],"collection":[{"href":"https:\/\/staging.nbg.eu\/cs\/wp-json\/wp\/v2\/product"}],"about":[{"href":"https:\/\/staging.nbg.eu\/cs\/wp-json\/wp\/v2\/types\/product"}],"wp:featuredmedia":[{"embeddable":true,"href":"https:\/\/staging.nbg.eu\/cs\/wp-json\/wp\/v2\/media\/64749"}],"wp:attachment":[{"href":"https:\/\/staging.nbg.eu\/cs\/wp-json\/wp\/v2\/media?parent=190102"}],"wp:term":[{"taxonomy":"product_brand","embeddable":true,"href":"https:\/\/staging.nbg.eu\/cs\/wp-json\/wp\/v2\/product_brand?post=190102"},{"taxonomy":"product_cat","embeddable":true,"href":"https:\/\/staging.nbg.eu\/cs\/wp-json\/wp\/v2\/product_cat?post=190102"},{"taxonomy":"product_tag","embeddable":true,"href":"https:\/\/staging.nbg.eu\/cs\/wp-json\/wp\/v2\/product_tag?post=190102"}],"curies":[{"name":"wp","href":"https:\/\/api.w.org\/{rel}","templated":true}]}}