{"id":181336,"date":"2024-04-19T07:15:03","date_gmt":"2025-01-30T06:22:32","guid":{"rendered":"https:\/\/staging.nbg.eu\/product\/blue-force-gear-burnsed-socket\/"},"modified":"2025-01-30T06:24:37","modified_gmt":"2025-01-30T06:24:37","slug":"blue-force-gear-burnsed-socket","status":"publish","type":"product","link":"https:\/\/staging.nbg.eu\/cs\/produkt\/blue-force-gear-burnsed-socket\/","title":{"rendered":"Blue Force Gear Burnsed Socket"},"content":{"rendered":"<p>Here&#8217;s the translated product description in Czech, without colorful or marketing language:<\/p>\n<p>Burnsed Socket<\/p>\n<p>Burnsed Socket od Blue Force Gear &#8211; Samostatn\u00e1 sou\u010d\u00e1st, kter\u00e1 m\u011bn\u00ed Vickers Combat Applications Sling na popruh konvertibiln\u00ed mezi 2 a 1 bodem p\u0159i pou\u017eit\u00ed s Push Button Sling Swivel nebo RED Swivel. Burnsed Socket byl navr\u017een v roce 2005 jako kl\u00ed\u010dov\u00fd hardware pro patentovan\u00fd SOC-C\u2122 Sling, kter\u00fd umo\u017e\u0148uje konverzi mezi 1, 2 a 3 body.<\/p>\n<p>Zv\u00fd\u0161en\u00ed v\u0161estrannosti popruhu &#8211; Nasu\u0148te Burnsed Socket na zadn\u00ed \u010d\u00e1st popruhu sm\u011brem k zadn\u00edmu p\u0159ij\u00edma\u010di nebo typick\u00e9 jednobodov\u00e9 poloze popruhu, pot\u00e9 odpojte p\u0159edn\u00ed tla\u010d\u00edtkovou oto\u010dnou sponu z p\u0159edn\u00ed \u010d\u00e1sti zbran\u011b a p\u0159ipojte ji k Burnsed Socket.<\/p>\n<p>***Popruh nen\u00ed sou\u010d\u00e1st\u00ed balen\u00ed. Obsahuje pouze 1 kus hardware Burnsed Socket***<\/p>\n<p>Dv\u011b mo\u017enosti hardwaru:<br \/>\n\u2022 Obr\u00e1b\u011bn\u00fd hlin\u00edk &#8211; pro ultra odoln\u00e9 spojen\u00ed, tento fr\u00e9zovan\u00fd Burnsed Socket je tvrd\u011b eloxov\u00e1n v matn\u00e9 \u010dern\u00e9 barv\u011b.<br \/>\n\u2022 Lisovan\u00fd polymer &#8211; pro lehk\u00e9, jednoduch\u00e9 spojen\u00ed popruhu, dostupn\u00fd v \u010dern\u00e9 barv\u011b.<\/p>\n<p>Vyrobeno v USA &#8211; Jako v\u0161echny produkty Blue Force Gear je vyroben s preciznost\u00ed v USA a m\u00e1 omezenou do\u017eivotn\u00ed z\u00e1ruku.<\/p>\n<p>SPECIFIKACE<\/p>\n<p>Funkce: Pracuje ve spojen\u00ed s jak\u00fdmkoli Push Button Sling Swivel nebo EDTM Swivel pro popruh konvertibiln\u00ed mezi 2 a 1 bodem (prod\u00e1v\u00e1ny samostatn\u011b). Umo\u017e\u0148uje celodenn\u00ed no\u0161en\u00ed zbran\u011b v dvoubodov\u00e9m re\u017eimu pro maxim\u00e1ln\u00ed kontrolu a pohodl\u00ed a rychle se p\u0159ev\u00e1d\u00ed na jednobodov\u00fd popruh pro dynamick\u00e1 prost\u0159ed\u00ed.<\/p>\n<p>Hmotnost: 13g<\/p>\n<p>Velikost: 0,75&#8243; x 1,5&#8243; x 0,5&#8243; &#8211; Vhodn\u00fd pro popruhy o \u0161\u00ed\u0159ce 1&#8243; nebo 1,25&#8243; (Victory Series\u2122 Sling, Vickers Combat Applications Sling\u2122)<\/p>\n<p>Materi\u00e1ly:<br \/>\n\u2022 Obr\u00e1b\u011bn\u00fd hlin\u00edk<br \/>\n\u2022 Lisovan\u00fd polymer<\/p>\n<p>Dodate\u010dn\u00e9 informace: Obecn\u011b plat\u00ed, \u017ee Push Button Swivels a Burnsed Socket by m\u011bly b\u00fdt promaz\u00e1ny p\u0159i ka\u017ed\u00e9m maz\u00e1n\u00ed hostitelsk\u00e9 zbran\u011b.<\/p>\n","protected":false},"excerpt":{"rendered":"<p><span style=\"font-size: 110%\"><strong>Ud\u011blejte sv\u016fj z\u00e1v\u011bs v\u0161estrann\u011bj\u0161\u00edm<\/strong><\/span><\/p>\n","protected":false},"featured_media":163245,"template":"","meta":{"_acf_changed":false},"product_brand":[11125],"product_cat":[12672,12676],"product_tag":[],"class_list":{"0":"post-181336","1":"product","2":"type-product","3":"status-publish","4":"has-post-thumbnail","6":"product_brand-blue-force-gear","7":"product_cat-remeny","8":"product_cat-vybaveni","10":"first","11":"instock","12":"taxable","13":"shipping-taxable","14":"purchasable","15":"product-type-simple"},"acf":[],"_links":{"self":[{"href":"https:\/\/staging.nbg.eu\/cs\/wp-json\/wp\/v2\/product\/181336","targetHints":{"allow":["GET"]}}],"collection":[{"href":"https:\/\/staging.nbg.eu\/cs\/wp-json\/wp\/v2\/product"}],"about":[{"href":"https:\/\/staging.nbg.eu\/cs\/wp-json\/wp\/v2\/types\/product"}],"wp:featuredmedia":[{"embeddable":true,"href":"https:\/\/staging.nbg.eu\/cs\/wp-json\/wp\/v2\/media\/163245"}],"wp:attachment":[{"href":"https:\/\/staging.nbg.eu\/cs\/wp-json\/wp\/v2\/media?parent=181336"}],"wp:term":[{"taxonomy":"product_brand","embeddable":true,"href":"https:\/\/staging.nbg.eu\/cs\/wp-json\/wp\/v2\/product_brand?post=181336"},{"taxonomy":"product_cat","embeddable":true,"href":"https:\/\/staging.nbg.eu\/cs\/wp-json\/wp\/v2\/product_cat?post=181336"},{"taxonomy":"product_tag","embeddable":true,"href":"https:\/\/staging.nbg.eu\/cs\/wp-json\/wp\/v2\/product_tag?post=181336"}],"curies":[{"name":"wp","href":"https:\/\/api.w.org\/{rel}","templated":true}]}}