{"id":173190,"date":"2024-11-06T20:28:36","date_gmt":"2024-11-06T20:28:36","guid":{"rendered":"https:\/\/staging.nbg.eu\/product\/vortex-optics-strike-eagle-se-31802-ffp-ebr-7c-mrad-3-18%d1%8544\/"},"modified":"2025-01-23T11:32:17","modified_gmt":"2025-01-23T11:32:17","slug":"vortex-optics-strike-eagle-se-31802-ffp-ebr-7c-mrad-3-18x44","status":"publish","type":"product","link":"https:\/\/staging.nbg.eu\/cs\/produkt\/vortex-optics-strike-eagle-se-31802-ffp-ebr-7c-mrad-3-18x44\/","title":{"rendered":"Vortex Optics Strike Eagle &#8211; SE-31802 FFP EBR-7C MRAD 3-18&#215;44"},"content":{"rendered":"<div class=\"product-description\">\n<h2>Vortex Optics Strike Eagle &#8211; SE-31802 FFP EBR-7C MRAD 3-18\u044544<\/h2>\n<p>Vortex Optics Strike Eagle 3-18&#215;44 FFP je zam\u011b\u0159ova\u010d pro st\u0159elbu na st\u0159edn\u00ed a dlouh\u00e9 vzd\u00e1lenosti. Tento optick\u00fd p\u0159\u00edstroj s prvn\u00ed ohniskovou rovinou je navr\u017een pro rychl\u00e9 p\u0159izp\u016fsoben\u00ed p\u0159i m\u011bn\u00edc\u00edch se c\u00edlov\u00fdch sc\u00e9n\u00e1\u0159\u00edch.<\/p>\n<h2>Hlavn\u00ed vlastnosti:<\/h2>\n<ul>\n<li><strong>Z\u00e1m\u011brn\u00fd k\u0159\u00ed\u017e v prvn\u00ed ohniskov\u00e9 rovin\u011b:<\/strong> Udr\u017euje konstantn\u00ed subtenze pro p\u0159esn\u00e9 dr\u017een\u00ed a m\u011b\u0159en\u00ed vzd\u00e1lenosti p\u0159i v\u0161ech zv\u011bt\u0161en\u00edch.<\/li>\n<li><strong>XD optick\u00fd syst\u00e9m:<\/strong> Sklo s extra n\u00edzk\u00fdm rozptylem pro lep\u0161\u00ed rozli\u0161en\u00ed a v\u011brnost barev.<\/li>\n<li><strong>Osv\u011btlen\u00fd z\u00e1m\u011brn\u00fd k\u0159\u00ed\u017e:<\/strong> Zaji\u0161\u0165uje p\u0159esn\u00e9 m\u00ed\u0159en\u00ed p\u0159i slab\u00e9m osv\u011btlen\u00ed.<\/li>\n<li><strong>RevStop\u2122 Zero System:<\/strong> Patentovan\u00fd syst\u00e9m nulov\u00e9 zar\u00e1\u017eky bez n\u00e1stroj\u016f pro rychl\u00fd n\u00e1vrat k nule po \u00faprav\u00e1ch.<\/li>\n<li><strong>Leptan\u00fd z\u00e1m\u011brn\u00fd k\u0159\u00ed\u017e:<\/strong> Umo\u017e\u0148uje slo\u017eit\u00fd design a maxim\u00e1ln\u00ed odolnost.<\/li>\n<li><strong>Pln\u011b v\u00edcevrstv\u00e9 \u010do\u010dky:<\/strong> Zvy\u0161uje p\u0159enos sv\u011btla pro lep\u0161\u00ed jasnost a v\u00fdkon p\u0159i slab\u00e9m osv\u011btlen\u00ed.<\/li>\n<\/ul>\n<h2>Konstrukce a odolnost:<\/h2>\n<ul>\n<li><strong>ArmorTek\u00ae:<\/strong> Ultra tvrd\u00fd, odoln\u00fd proti po\u0161kr\u00e1b\u00e1n\u00ed povrch \u010do\u010dek.<\/li>\n<li><strong>Jednod\u00edln\u00e1 trubice:<\/strong> Zvy\u0161uje p\u0159esnost, pevnost a vodot\u011bsnost.<\/li>\n<li><strong>Hlin\u00edk leteck\u00e9 t\u0159\u00eddy:<\/strong> Zaji\u0161\u0165uje pevnost a tuhost.<\/li>\n<li><strong>Matn\u011b \u010dern\u00e9 anodizov\u00e1n\u00ed s n\u00edzk\u00fdm leskem:<\/strong> Odoln\u00e9 proti korozi.<\/li>\n<li><strong>Napln\u011bno dus\u00edkem:<\/strong> Odoln\u00e9 proti zaml\u017een\u00ed a vodot\u011bsn\u00e9 za v\u0161ech podm\u00ednek.<\/li>\n<li><strong>Odoln\u00e9 proti n\u00e1raz\u016fm:<\/strong> Navr\u017eeno pro odol\u00e1n\u00ed vysok\u00fdm \u00farovn\u00edm zp\u011btn\u00e9ho r\u00e1zu a n\u00e1raz\u016f.<\/li>\n<\/ul>\n<h2>Optick\u00e9 specifikace:<\/h2>\n<ul>\n<li>Zv\u011bt\u0161en\u00ed: 3-18x<\/li>\n<li>Pr\u016fm\u011br objektivu: 44 mm<\/li>\n<li>O\u010dn\u00ed reli\u00e9f: 3,8&#8243;<\/li>\n<li>Zorn\u00e9 pole: 39,3&#8242; &#8211; 6,7&#8242; na 100 yard\u016f<\/li>\n<li>Velikost tubusu: 34 mm<\/li>\n<li>Nastaven\u00ed paralaxy: 10 yard\u016f &#8211; \u221e<\/li>\n<\/ul>\n<h2>Funkce nastaven\u00ed:<\/h2>\n<ul>\n<li>Styl v\u011b\u017ei\u010dek: Odkryt\u00e1 elevace, kryt\u00e1 stranov\u00e1 korekce<\/li>\n<li>Stup\u0148ov\u00e1n\u00ed nastaven\u00ed: 1 MRAD<\/li>\n<li>Posun na ot\u00e1\u010dku: 10 MRAD<\/li>\n<li>Maxim\u00e1ln\u00ed nastaven\u00ed elevace: 45 MRAD<\/li>\n<li>Maxim\u00e1ln\u00ed nastaven\u00ed stranov\u00e9 korekce: 18 MRAD<\/li>\n<\/ul>\n<h2>Z\u00e1m\u011brn\u00fd k\u0159\u00ed\u017e EBR-7C (MRAD):<\/h2>\n<p>Z\u00e1m\u011brn\u00fd k\u0159\u00ed\u017e EBR-7C je navr\u017een pro maximalizaci schopnost\u00ed st\u0159elby a m\u011b\u0159en\u00ed vzd\u00e1lenosti na dlouh\u00e9 vzd\u00e1lenosti. Obsahuje:<\/p>\n<ul>\n<li>Laserov\u00e9 lept\u00e1n\u00ed s vysokou p\u0159esnost\u00ed<\/li>\n<li>Jemn\u00e9 subtenze st\u0159edov\u00e9ho z\u00e1m\u011brn\u00e9ho k\u0159\u00ed\u017ee<\/li>\n<li>Referen\u010dn\u00ed body pro korekci v\u011btru na lini\u00edch poklesu<\/li>\n<\/ul>\n<h2><\/h2>\n<\/div>\n","protected":false},"excerpt":{"rendered":"<p>Univerz\u00e1ln\u00ed pu\u0161kohled 3-18&#215;44 FFP s EBR-7C MRAD z\u00e1m\u011brnou osnovou. \u010cist\u00e1 optika, odoln\u00e1 konstrukce, rychl\u00e9 nastaven\u00ed.<\/p>\n","protected":false},"featured_media":78030,"template":"","meta":{"_acf_changed":false},"product_brand":[11952],"product_cat":[12685,12653],"product_tag":[],"class_list":{"0":"post-173190","1":"product","2":"type-product","3":"status-publish","4":"has-post-thumbnail","6":"product_brand-vortex","7":"product_cat-mireni","8":"product_cat-zvetsujici-optika","10":"first","11":"outofstock","12":"taxable","13":"shipping-taxable","14":"purchasable","15":"product-type-simple"},"acf":[],"_links":{"self":[{"href":"https:\/\/staging.nbg.eu\/cs\/wp-json\/wp\/v2\/product\/173190","targetHints":{"allow":["GET"]}}],"collection":[{"href":"https:\/\/staging.nbg.eu\/cs\/wp-json\/wp\/v2\/product"}],"about":[{"href":"https:\/\/staging.nbg.eu\/cs\/wp-json\/wp\/v2\/types\/product"}],"wp:featuredmedia":[{"embeddable":true,"href":"https:\/\/staging.nbg.eu\/cs\/wp-json\/wp\/v2\/media\/78030"}],"wp:attachment":[{"href":"https:\/\/staging.nbg.eu\/cs\/wp-json\/wp\/v2\/media?parent=173190"}],"wp:term":[{"taxonomy":"product_brand","embeddable":true,"href":"https:\/\/staging.nbg.eu\/cs\/wp-json\/wp\/v2\/product_brand?post=173190"},{"taxonomy":"product_cat","embeddable":true,"href":"https:\/\/staging.nbg.eu\/cs\/wp-json\/wp\/v2\/product_cat?post=173190"},{"taxonomy":"product_tag","embeddable":true,"href":"https:\/\/staging.nbg.eu\/cs\/wp-json\/wp\/v2\/product_tag?post=173190"}],"curies":[{"name":"wp","href":"https:\/\/api.w.org\/{rel}","templated":true}]}}