{"id":173027,"date":"2024-08-16T19:55:05","date_gmt":"2025-01-23T11:16:34","guid":{"rendered":"https:\/\/staging.nbg.eu\/product\/barwarus-bw-t4-handguards-with-m-lok\/"},"modified":"2025-01-23T11:17:54","modified_gmt":"2025-01-23T11:17:54","slug":"barwarus-bw-t4-predpazbi-s-m-lok","status":"publish","type":"product","link":"https:\/\/staging.nbg.eu\/cs\/produkt\/barwarus-bw-t4-predpazbi-s-m-lok\/","title":{"rendered":"Barwarus BW-T4 P\u0159edpa\u017eb\u00ed s M-Lok"},"content":{"rendered":"<div class=\"product-description\">\n<h2>Barwarus BW-T4 p\u0159edpa\u017eb\u00ed s M-Lok<\/h2>\n<p>BW-T4 sada p\u0159edpa\u017eb\u00ed pro pu\u0161ky typu AK s dlouhou hlavn\u00ed (16&#8243;). Tento syst\u00e9m umo\u017e\u0148uje p\u0159ipojen\u00ed p\u0159\u00edslu\u0161enstv\u00ed M-LOK.<\/p>\n<ul>\n<li>Kompatibiln\u00ed s r\u016fzn\u00fdmi modely AK (AKUSA 100 Series, AK-74, Saiga, Vepr a dal\u0161\u00ed)<\/li>\n<li>Vyrobeno ze slitiny 6082-T6<\/li>\n<li>\u010cern\u00e1 povrchov\u00e1 \u00faprava Cerakote<\/li>\n<li>Integrovan\u00e9 M-LOK sloty na v\u0161ech stran\u00e1ch<\/li>\n<li>Zlep\u0161uje chlazen\u00ed hlavn\u011b a odvod tepla<\/li>\n<li>Lehk\u00e1 konstrukce<\/li>\n<li>Pou\u017eiteln\u00e9 v extr\u00e9mn\u00edch teplot\u00e1ch (-50\u00b0C a\u017e +50\u00b0C)<\/li>\n<\/ul>\n<p>Barwarus BW-T4 p\u0159edpa\u017eb\u00ed nab\u00edz\u00ed mo\u017enosti p\u0159izp\u016fsoben\u00ed, lep\u0161\u00ed tepelnou regulaci a odolnost.<\/p>\n<\/div>\n","protected":false},"excerpt":{"rendered":"<p>P\u0159edpa\u017eb\u00ed Barwarus BW-T4: Kompatibiln\u00ed s M-Lok, vylep\u0161en\u00ed pro AK pro lep\u0161\u00ed chlazen\u00ed a mont\u00e1\u017e p\u0159\u00edslu\u0161enstv\u00ed.<\/p>\n","protected":false},"featured_media":23610,"template":"","meta":{"_acf_changed":false},"product_brand":[11108],"product_cat":[12643,12657,12658],"product_tag":[],"class_list":{"0":"post-173027","1":"product","2":"type-product","3":"status-publish","4":"has-post-thumbnail","6":"product_brand-barwarus","7":"product_cat-ak-tuning","8":"product_cat-listy","9":"product_cat-rifle-tuning","11":"first","12":"instock","13":"taxable","14":"shipping-taxable","15":"product-type-variable","16":"wvs-archive-product-wrapper"},"acf":[],"_links":{"self":[{"href":"https:\/\/staging.nbg.eu\/cs\/wp-json\/wp\/v2\/product\/173027","targetHints":{"allow":["GET"]}}],"collection":[{"href":"https:\/\/staging.nbg.eu\/cs\/wp-json\/wp\/v2\/product"}],"about":[{"href":"https:\/\/staging.nbg.eu\/cs\/wp-json\/wp\/v2\/types\/product"}],"wp:featuredmedia":[{"embeddable":true,"href":"https:\/\/staging.nbg.eu\/cs\/wp-json\/wp\/v2\/media\/23610"}],"wp:attachment":[{"href":"https:\/\/staging.nbg.eu\/cs\/wp-json\/wp\/v2\/media?parent=173027"}],"wp:term":[{"taxonomy":"product_brand","embeddable":true,"href":"https:\/\/staging.nbg.eu\/cs\/wp-json\/wp\/v2\/product_brand?post=173027"},{"taxonomy":"product_cat","embeddable":true,"href":"https:\/\/staging.nbg.eu\/cs\/wp-json\/wp\/v2\/product_cat?post=173027"},{"taxonomy":"product_tag","embeddable":true,"href":"https:\/\/staging.nbg.eu\/cs\/wp-json\/wp\/v2\/product_tag?post=173027"}],"curies":[{"name":"wp","href":"https:\/\/api.w.org\/{rel}","templated":true}]}}