{"id":170933,"date":"2024-08-16T20:04:24","date_gmt":"2025-01-21T10:25:15","guid":{"rendered":"https:\/\/staging.nbg.eu\/product\/barwarus-alpha-1-set-bw-t33-alpha-1\/"},"modified":"2025-01-21T10:27:39","modified_gmt":"2025-01-21T10:27:39","slug":"barwarus-alpha-1-set-bw-t33-alpha-1","status":"publish","type":"product","link":"https:\/\/staging.nbg.eu\/cs\/produkt\/barwarus-alpha-1-set-bw-t33-alpha-1\/","title":{"rendered":"Barwarus ALPHA-1 SET (BW-T33 &#038; ALPHA-1)"},"content":{"rendered":"<div class=\"product-description\">\n<h2>Barwarus ALPHA-1 SET (BW-T33 a ALPHA-1)<\/h2>\n<p>Barwarus ALPHA-1 SET obsahuje p\u0159edpa\u017eb\u00ed ALPHA-1 a kryt z\u00e1v\u011bru BW-T33 pro pu\u0161ky AK. Sada zahrnuje:<\/p>\n<ul>\n<li>Kr\u00e1tk\u00e9 \u010dty\u0159strann\u00e9 p\u0159edpa\u017eb\u00ed ALPHA-1 s Picatinny li\u0161tami (horn\u00ed a doln\u00ed)<\/li>\n<li>Kryt z\u00e1v\u011bru BW-T33 s integrovanou Picatinny li\u0161tou<\/li>\n<\/ul>\n<p>P\u0159edpa\u017eb\u00ed ALPHA-1 je vyrobeno z hlin\u00edku 6082-T6 s povrchovou \u00fapravou Cerakote. Je kompatibiln\u00ed s modely AK s lisovan\u00fdm pouzdrem z\u00e1v\u011bru, v\u010detn\u011b AK 103, 104, 105, 74S, 74M, AKM, AKMS a Saiga.<\/p>\n<p>Kryt z\u00e1v\u011bru BW-T33 je vyroben ze slitiny hlin\u00edku 7075 T6 a poskytuje stabiln\u00ed platformu pro optiku bez naru\u0161en\u00ed m\u00ed\u0159idel. Barwarus ALPHA-1 SET umo\u017e\u0148uje p\u0159esnost a v\u0161estrannost.<\/p>\n<\/div>\n","protected":false},"excerpt":{"rendered":"<p>Pr\u00e9miov\u00fd upgrade pro AK: \u010cty\u0159kolejnicov\u00e1 p\u0159edpa\u017eb\u00ed a kryt z\u00e1v\u011bru s kolejnic\u00ed<\/p>\n","protected":false},"featured_media":280681,"template":"","meta":{"_acf_changed":false},"product_brand":[11108],"product_cat":[12643,12657,12658],"product_tag":[],"class_list":{"0":"post-170933","1":"product","2":"type-product","3":"status-publish","4":"has-post-thumbnail","6":"product_brand-barwarus","7":"product_cat-ak-tuning","8":"product_cat-listy","9":"product_cat-rifle-tuning","11":"first","12":"instock","13":"taxable","14":"shipping-taxable","15":"product-type-variable","16":"wvs-archive-product-wrapper"},"acf":[],"_links":{"self":[{"href":"https:\/\/staging.nbg.eu\/cs\/wp-json\/wp\/v2\/product\/170933","targetHints":{"allow":["GET"]}}],"collection":[{"href":"https:\/\/staging.nbg.eu\/cs\/wp-json\/wp\/v2\/product"}],"about":[{"href":"https:\/\/staging.nbg.eu\/cs\/wp-json\/wp\/v2\/types\/product"}],"wp:featuredmedia":[{"embeddable":true,"href":"https:\/\/staging.nbg.eu\/cs\/wp-json\/wp\/v2\/media\/280681"}],"wp:attachment":[{"href":"https:\/\/staging.nbg.eu\/cs\/wp-json\/wp\/v2\/media?parent=170933"}],"wp:term":[{"taxonomy":"product_brand","embeddable":true,"href":"https:\/\/staging.nbg.eu\/cs\/wp-json\/wp\/v2\/product_brand?post=170933"},{"taxonomy":"product_cat","embeddable":true,"href":"https:\/\/staging.nbg.eu\/cs\/wp-json\/wp\/v2\/product_cat?post=170933"},{"taxonomy":"product_tag","embeddable":true,"href":"https:\/\/staging.nbg.eu\/cs\/wp-json\/wp\/v2\/product_tag?post=170933"}],"curies":[{"name":"wp","href":"https:\/\/api.w.org\/{rel}","templated":true}]}}