{"id":170375,"date":"2024-11-06T20:55:17","date_gmt":"2025-01-21T09:34:13","guid":{"rendered":"https:\/\/staging.nbg.eu\/product\/throw-lever-sai-optics\/"},"modified":"2025-01-21T09:36:36","modified_gmt":"2025-01-21T09:36:36","slug":"packa-na-prestaveni-sai-optics","status":"publish","type":"product","link":"https:\/\/staging.nbg.eu\/cs\/produkt\/packa-na-prestaveni-sai-optics\/","title":{"rendered":"P\u00e1\u010dka na P\u0159estaven\u00ed SAI Optics"},"content":{"rendered":"<div class=\"product-description\">\n<h2>P\u00e1\u010dkov\u00e9 optick\u00e9 zam\u011b\u0159ova\u010de SAI<\/h2>\n<ul>\n<li>Rychl\u00fd p\u0159echod mezi 1x a 6x zv\u011bt\u0161en\u00edm<\/li>\n<li>Ergonomick\u00fd design pro snadn\u00e9 ovl\u00e1d\u00e1n\u00ed<\/li>\n<\/ul>\n<p>P\u00e1\u010dka SAI 6\u2122 umo\u017e\u0148uje rychlou \u00fapravu zv\u011bt\u0161en\u00ed bez ztr\u00e1ty c\u00edle z dohledu.<\/p>\n<\/div>\n","protected":false},"excerpt":{"rendered":"<p>Rychl\u00e9 p\u0159ep\u00edn\u00e1n\u00ed zv\u011bt\u0161en\u00ed 1x-6x.<\/p>\n","protected":false},"featured_media":78870,"template":"","meta":{"_acf_changed":false},"product_brand":[11699],"product_cat":[12685,12653],"product_tag":[],"class_list":{"0":"post-170375","1":"product","2":"type-product","3":"status-publish","4":"has-post-thumbnail","6":"product_brand-sai-optics","7":"product_cat-mireni","8":"product_cat-zvetsujici-optika","10":"first","11":"instock","12":"taxable","13":"shipping-taxable","14":"purchasable","15":"product-type-variable","16":"wvs-archive-product-wrapper"},"acf":[],"_links":{"self":[{"href":"https:\/\/staging.nbg.eu\/cs\/wp-json\/wp\/v2\/product\/170375","targetHints":{"allow":["GET"]}}],"collection":[{"href":"https:\/\/staging.nbg.eu\/cs\/wp-json\/wp\/v2\/product"}],"about":[{"href":"https:\/\/staging.nbg.eu\/cs\/wp-json\/wp\/v2\/types\/product"}],"wp:featuredmedia":[{"embeddable":true,"href":"https:\/\/staging.nbg.eu\/cs\/wp-json\/wp\/v2\/media\/78870"}],"wp:attachment":[{"href":"https:\/\/staging.nbg.eu\/cs\/wp-json\/wp\/v2\/media?parent=170375"}],"wp:term":[{"taxonomy":"product_brand","embeddable":true,"href":"https:\/\/staging.nbg.eu\/cs\/wp-json\/wp\/v2\/product_brand?post=170375"},{"taxonomy":"product_cat","embeddable":true,"href":"https:\/\/staging.nbg.eu\/cs\/wp-json\/wp\/v2\/product_cat?post=170375"},{"taxonomy":"product_tag","embeddable":true,"href":"https:\/\/staging.nbg.eu\/cs\/wp-json\/wp\/v2\/product_tag?post=170375"}],"curies":[{"name":"wp","href":"https:\/\/api.w.org\/{rel}","templated":true}]}}