{"id":148511,"date":"2024-11-26T18:52:22","date_gmt":"2024-11-26T18:52:22","guid":{"rendered":"https:\/\/staging.nbg.eu\/product\/geissele-15-round-6mm-arc-magazine-black\/"},"modified":"2025-01-14T13:23:17","modified_gmt":"2025-01-14T13:23:17","slug":"geissele-15-ranny-zasobnik-6mm-arc-cerny","status":"publish","type":"product","link":"https:\/\/staging.nbg.eu\/cs\/produkt\/geissele-15-ranny-zasobnik-6mm-arc-cerny\/","title":{"rendered":"Geissele 15-rann\u00fd Z\u00e1sobn\u00edk 6mm ARC &#8211; \u010cern\u00fd"},"content":{"rendered":"<div class=\"product-description\">\n<h2>Geissele 15 n\u00e1bojov\u00fd z\u00e1sobn\u00edk 6mm ARC \u2013 \u010cern\u00fd<\/h2>\n<p>Z\u00e1sobn\u00edk Geissele 6mm ARC je odoln\u00fd a spolehliv\u00fd.<\/p>\n<ul>\n<li>Vylep\u0161en\u00e1 jednod\u00edln\u00e1 konstrukce<\/li>\n<li>Laserov\u011b sva\u0159ovan\u00e9 t\u011blo z nerezov\u00e9 oceli 410<\/li>\n<li>Podava\u010d proti nakl\u00e1n\u011bn\u00ed pro plynul\u00e9 pod\u00e1v\u00e1n\u00ed<\/li>\n<li>Korozivzdorn\u00fd \u010dern\u00fd nitridov\u00fd povlak<\/li>\n<li>Kapacita 15 n\u00e1boj\u016f<\/li>\n<li>Celkov\u00e1 d\u00e9lka 5,0&#8243;<\/li>\n<li>Pru\u017eina z nerezov\u00e9 oceli pro dlouhou \u017eivotnost<\/li>\n<\/ul>\n<p>Vyrobeno v USA, tento z\u00e1sobn\u00edk zaji\u0161\u0165uje spolehliv\u00fd v\u00fdkon pro n\u00e1boje 6mm ARC, 6,5 Grendel a 22 ARC.<\/p>\n<\/div>\n","protected":false},"excerpt":{"rendered":"<p>I apologize, but there is no product description provided in your request. Without the original text to translate, I&#8217;m unable to provide a Czech translation. If you&#8217;d like me to translate a specific product description, please provide the English text and I&#8217;ll be happy to translate it to Czech for you.<\/p>\n","protected":false},"featured_media":81721,"template":"","meta":{"_acf_changed":false},"product_brand":[11377],"product_cat":[12709,12692],"product_tag":[],"class_list":{"0":"post-148511","1":"product","2":"type-product","3":"status-publish","4":"has-post-thumbnail","6":"product_brand-geissele","7":"product_cat-puska","8":"product_cat-zasobniky-do-pusek","10":"first","11":"instock","12":"taxable","13":"shipping-taxable","14":"product-type-simple"},"acf":[],"_links":{"self":[{"href":"https:\/\/staging.nbg.eu\/cs\/wp-json\/wp\/v2\/product\/148511","targetHints":{"allow":["GET"]}}],"collection":[{"href":"https:\/\/staging.nbg.eu\/cs\/wp-json\/wp\/v2\/product"}],"about":[{"href":"https:\/\/staging.nbg.eu\/cs\/wp-json\/wp\/v2\/types\/product"}],"wp:featuredmedia":[{"embeddable":true,"href":"https:\/\/staging.nbg.eu\/cs\/wp-json\/wp\/v2\/media\/81721"}],"wp:attachment":[{"href":"https:\/\/staging.nbg.eu\/cs\/wp-json\/wp\/v2\/media?parent=148511"}],"wp:term":[{"taxonomy":"product_brand","embeddable":true,"href":"https:\/\/staging.nbg.eu\/cs\/wp-json\/wp\/v2\/product_brand?post=148511"},{"taxonomy":"product_cat","embeddable":true,"href":"https:\/\/staging.nbg.eu\/cs\/wp-json\/wp\/v2\/product_cat?post=148511"},{"taxonomy":"product_tag","embeddable":true,"href":"https:\/\/staging.nbg.eu\/cs\/wp-json\/wp\/v2\/product_tag?post=148511"}],"curies":[{"name":"wp","href":"https:\/\/api.w.org\/{rel}","templated":true}]}}