{"id":141573,"date":"2025-01-01T20:56:43","date_gmt":"2025-01-10T22:54:25","guid":{"rendered":"https:\/\/staging.nbg.eu\/product\/area-419-ruger-american-short-action-scope-base\/"},"modified":"2025-01-10T22:56:20","modified_gmt":"2025-01-10T22:56:20","slug":"area-419-ruger-american-short-action-montaz-pro-optiku","status":"publish","type":"product","link":"https:\/\/staging.nbg.eu\/cs\/produkt\/area-419-ruger-american-short-action-montaz-pro-optiku\/","title":{"rendered":"Area 419 &#8211; Ruger American Short Action Mont\u00e1\u017e pro Optiku"},"content":{"rendered":"<div class=\"product-description\">\n<h2>Area 419 &#8211; Mont\u00e1\u017en\u00ed li\u0161ta pro pu\u0161kohled pro Ruger American s kr\u00e1tkou z\u00e1v\u011brovou skupinou<\/h2>\n<p>Mont\u00e1\u017en\u00ed li\u0161ta pro pu\u0161ku Ruger American. Vyrobena z jednoho kusu hlin\u00edku T7075, tato li\u0161ta je:<\/p>\n<ul>\n<li>Obr\u00e1b\u011bna pro p\u0159esn\u00e9 usazen\u00ed<\/li>\n<li>Siln\u00e1 a odoln\u00e1<\/li>\n<li>Anodizov\u00e1na \u010dern\u011b, typ III<\/li>\n<li>Navr\u017eena s 20MOA sklonem pro del\u0161\u00ed st\u0159elbu<\/li>\n<\/ul>\n<p>Obsahuje kl\u00ed\u010d pro uta\u017een\u00ed up\u00ednac\u00edch \u0161roub\u016f (doporu\u010deno: 15 in\/lb). Pro st\u0159elbu na del\u0161\u00ed vzd\u00e1lenosti.<\/p>\n<h3>Specifikace:<\/h3>\n<ul>\n<li>Hmotnost: 0,09 kg<\/li>\n<li>Rozm\u011bry: 21,6 \u00d7 2,5 \u00d7 2,5 cm<\/li>\n<li>V\u00fdrobce: Area 419<\/li>\n<li>Velikost: 20MOA<\/li>\n<\/ul>\n<\/div>\n","protected":false},"excerpt":{"rendered":"<p>P\u0159esn\u011b obr\u00e1b\u011bn\u00e1 z\u00e1kladna pro optiku s 20MOA pro pu\u0161ky Ruger American.<\/p>\n","protected":false},"featured_media":112117,"template":"","meta":{"_acf_changed":false},"product_brand":[11032],"product_cat":[12657,12709,390],"product_tag":[],"class_list":{"0":"post-141573","1":"product","2":"type-product","3":"status-publish","4":"has-post-thumbnail","6":"product_brand-area-419","7":"product_cat-listy","8":"product_cat-puska","9":"product_cat-aiming","11":"first","12":"instock","13":"taxable","14":"shipping-taxable","15":"purchasable","16":"product-type-simple"},"acf":[],"_links":{"self":[{"href":"https:\/\/staging.nbg.eu\/cs\/wp-json\/wp\/v2\/product\/141573","targetHints":{"allow":["GET"]}}],"collection":[{"href":"https:\/\/staging.nbg.eu\/cs\/wp-json\/wp\/v2\/product"}],"about":[{"href":"https:\/\/staging.nbg.eu\/cs\/wp-json\/wp\/v2\/types\/product"}],"wp:featuredmedia":[{"embeddable":true,"href":"https:\/\/staging.nbg.eu\/cs\/wp-json\/wp\/v2\/media\/112117"}],"wp:attachment":[{"href":"https:\/\/staging.nbg.eu\/cs\/wp-json\/wp\/v2\/media?parent=141573"}],"wp:term":[{"taxonomy":"product_brand","embeddable":true,"href":"https:\/\/staging.nbg.eu\/cs\/wp-json\/wp\/v2\/product_brand?post=141573"},{"taxonomy":"product_cat","embeddable":true,"href":"https:\/\/staging.nbg.eu\/cs\/wp-json\/wp\/v2\/product_cat?post=141573"},{"taxonomy":"product_tag","embeddable":true,"href":"https:\/\/staging.nbg.eu\/cs\/wp-json\/wp\/v2\/product_tag?post=141573"}],"curies":[{"name":"wp","href":"https:\/\/api.w.org\/{rel}","templated":true}]}}