{"id":141362,"date":"2025-01-04T07:20:19","date_gmt":"2025-01-10T22:32:05","guid":{"rendered":"https:\/\/staging.nbg.eu\/product\/area-419-arcalock-clamp\/"},"modified":"2025-01-10T22:34:01","modified_gmt":"2025-01-10T22:34:01","slug":"area-419-arcalock-svorka","status":"publish","type":"product","link":"https:\/\/staging.nbg.eu\/cs\/produkt\/area-419-arcalock-svorka\/","title":{"rendered":"Area 419 &#8211; ARCALOCK Svorka"},"content":{"rendered":"<div class=\"product-description\">\n<h2>Area 419 &#8211; ARCALOCK Svorka<\/h2>\n<p>ARCALOCK svorka od Area 419 je ur\u010dena pro v\u0161echny standardn\u00ed ARCA\/1.5&#8243; kolejnice. Nab\u00edz\u00ed mechanicky uzam\u010den\u00e9 \u0159e\u0161en\u00ed pro zv\u00fd\u0161enou stabilitu.<\/p>\n<ul>\n<li>Dvoustup\u0148ov\u00fd \u0161roubov\u00fd design pro rychl\u00fd pohyb a extra to\u010div\u00fd moment<\/li>\n<li>Kompatibiln\u00ed s Atlas bipody a p\u0159izp\u016fsobiteln\u00e1 pro Harris bipody<\/li>\n<li>Funkce zar\u00e1\u017eky na barik\u00e1du<\/li>\n<li>Zp\u011btn\u011b kompatibiln\u00ed se standardn\u00edmi ARCA kolejnicemi<\/li>\n<li>Vyrobeno z hlin\u00edku 6061-T6 s tvrd\u00fdm eloxov\u00e1n\u00edm typu III<\/li>\n<li>Hmotnost 72,5 gram\u016f<\/li>\n<\/ul>\n<p>Area 419 ARCALOCK svorka je ur\u010dena pro zv\u00fd\u0161en\u00ed stability a p\u0159esnosti va\u0161eho p\u0159esn\u00e9ho st\u0159eleck\u00e9ho vybaven\u00ed.<\/p>\n<\/div>\n","protected":false},"excerpt":{"rendered":"<p>Bezpe\u010dn\u00e1 ARCA svorka s uzamykac\u00edm mechanismem pro p\u0159esn\u00e9 pu\u0161ky.<\/p>\n","protected":false},"featured_media":115242,"template":"","meta":{"_acf_changed":false},"product_brand":[11032],"product_cat":[12657,12709],"product_tag":[],"class_list":{"0":"post-141362","1":"product","2":"type-product","3":"status-publish","4":"has-post-thumbnail","6":"product_brand-area-419","7":"product_cat-listy","8":"product_cat-puska","10":"first","11":"instock","12":"taxable","13":"shipping-taxable","14":"purchasable","15":"product-type-simple"},"acf":[],"_links":{"self":[{"href":"https:\/\/staging.nbg.eu\/cs\/wp-json\/wp\/v2\/product\/141362","targetHints":{"allow":["GET"]}}],"collection":[{"href":"https:\/\/staging.nbg.eu\/cs\/wp-json\/wp\/v2\/product"}],"about":[{"href":"https:\/\/staging.nbg.eu\/cs\/wp-json\/wp\/v2\/types\/product"}],"wp:featuredmedia":[{"embeddable":true,"href":"https:\/\/staging.nbg.eu\/cs\/wp-json\/wp\/v2\/media\/115242"}],"wp:attachment":[{"href":"https:\/\/staging.nbg.eu\/cs\/wp-json\/wp\/v2\/media?parent=141362"}],"wp:term":[{"taxonomy":"product_brand","embeddable":true,"href":"https:\/\/staging.nbg.eu\/cs\/wp-json\/wp\/v2\/product_brand?post=141362"},{"taxonomy":"product_cat","embeddable":true,"href":"https:\/\/staging.nbg.eu\/cs\/wp-json\/wp\/v2\/product_cat?post=141362"},{"taxonomy":"product_tag","embeddable":true,"href":"https:\/\/staging.nbg.eu\/cs\/wp-json\/wp\/v2\/product_tag?post=141362"}],"curies":[{"name":"wp","href":"https:\/\/api.w.org\/{rel}","templated":true}]}}