{"id":141244,"date":"2025-01-04T07:26:25","date_gmt":"2025-01-10T21:45:24","guid":{"rendered":"https:\/\/staging.nbg.eu\/product\/area-419-arcalock-clamp-black\/"},"modified":"2025-01-10T21:47:21","modified_gmt":"2025-01-10T21:47:21","slug":"area-419-arcalock-svorka-cerna","status":"publish","type":"product","link":"https:\/\/staging.nbg.eu\/cs\/produkt\/area-419-arcalock-svorka-cerna\/","title":{"rendered":"Area 419 &#8211; ARCALOCK Svorka \u010dern\u00e1"},"content":{"rendered":"<div class=\"product-description\">\n<h2>Area 419 &#8211; ARCALOCK Svorka (\u010cern\u00e1)<\/h2>\n<p>ARCALOCK svorka od Area 419 v \u010dern\u00e9 barv\u011b. Tato svorka funguje na v\u0161ech standardn\u00edch ARCA\/1,5&#8243; kolejnic\u00edch, nab\u00edz\u00ed mechanicky zaji\u0161t\u011bn\u00e9 \u0159e\u0161en\u00ed pro zv\u00fd\u0161enou stabilitu.<\/p>\n<ul>\n<li>Dvoustup\u0148ov\u00fd \u0161roubov\u00fd design pro rychl\u00fd pohyb a extra krout\u00edc\u00ed moment<\/li>\n<li>Kompatibiln\u00ed s Atlas bipody a adaptovateln\u00e1 pro Harris bipody<\/li>\n<li>Zp\u011btn\u011b kompatibiln\u00ed se standardn\u00edmi ARCA kolejnicemi<\/li>\n<li>Vyrobeno z hlin\u00edku 6061-T6 s \u010dernou anodizovanou povrchovou \u00fapravou Type III Hardcoat<\/li>\n<li>\u0160roub z nerezov\u00e9 oceli 303<\/li>\n<li>Hmotnost: 72,5 gram\u016f<\/li>\n<\/ul>\n<p>Area 419 ARCALOCK svorka, navr\u017eena a vyrobena v USA.<\/p>\n<\/div>\n","protected":false},"excerpt":{"rendered":"<p>Bezpe\u010dn\u00e1 svorka na ARCA li\u0161tu s \u010dern\u00fdm knofl\u00edkem pro p\u0159esn\u00e9 pu\u0161ky.<\/p>\n","protected":false},"featured_media":115366,"template":"","meta":{"_acf_changed":false},"product_brand":[11032],"product_cat":[12657,12709,390],"product_tag":[],"class_list":{"0":"post-141244","1":"product","2":"type-product","3":"status-publish","4":"has-post-thumbnail","6":"product_brand-area-419","7":"product_cat-listy","8":"product_cat-puska","9":"product_cat-aiming","11":"first","12":"instock","13":"taxable","14":"shipping-taxable","15":"purchasable","16":"product-type-simple"},"acf":[],"_links":{"self":[{"href":"https:\/\/staging.nbg.eu\/cs\/wp-json\/wp\/v2\/product\/141244","targetHints":{"allow":["GET"]}}],"collection":[{"href":"https:\/\/staging.nbg.eu\/cs\/wp-json\/wp\/v2\/product"}],"about":[{"href":"https:\/\/staging.nbg.eu\/cs\/wp-json\/wp\/v2\/types\/product"}],"wp:featuredmedia":[{"embeddable":true,"href":"https:\/\/staging.nbg.eu\/cs\/wp-json\/wp\/v2\/media\/115366"}],"wp:attachment":[{"href":"https:\/\/staging.nbg.eu\/cs\/wp-json\/wp\/v2\/media?parent=141244"}],"wp:term":[{"taxonomy":"product_brand","embeddable":true,"href":"https:\/\/staging.nbg.eu\/cs\/wp-json\/wp\/v2\/product_brand?post=141244"},{"taxonomy":"product_cat","embeddable":true,"href":"https:\/\/staging.nbg.eu\/cs\/wp-json\/wp\/v2\/product_cat?post=141244"},{"taxonomy":"product_tag","embeddable":true,"href":"https:\/\/staging.nbg.eu\/cs\/wp-json\/wp\/v2\/product_tag?post=141244"}],"curies":[{"name":"wp","href":"https:\/\/api.w.org\/{rel}","templated":true}]}}