{"id":140949,"date":"2025-01-04T08:28:27","date_gmt":"2025-01-04T08:28:27","guid":{"rendered":"https:\/\/staging.nbg.eu\/product\/area-419-arcalock-dual-clamp-with-picatinny\/"},"modified":"2025-01-10T19:09:23","modified_gmt":"2025-01-10T19:09:23","slug":"area-419-arcalock-dvojita-svorka-s-picatinny","status":"publish","type":"product","link":"https:\/\/staging.nbg.eu\/cs\/produkt\/area-419-arcalock-dvojita-svorka-s-picatinny\/","title":{"rendered":"Area 419 &#8211; ARCALOCK Dvojit\u00e1 Svorka s Picatinny"},"content":{"rendered":"<div class=\"product-description\">\n<h2>Area 419 &#8211; ARCALOCK Dvojit\u00e1 svorka s li\u0161tou Picatinny<\/h2>\n<p>Svorka pro mont\u00e1\u017e na pu\u0161ku. Tento v\u00fdrobek vyroben\u00fd v USA nab\u00edz\u00ed du\u00e1ln\u00ed funk\u010dnost pro li\u0161ty ARCALOCK a Picatinny.<\/p>\n<ul>\n<li>Nastaviteln\u00e9 nap\u011bt\u00ed pro uchycen\u00ed na obou povr\u0161\u00edch<\/li>\n<li>P\u0159ep\u00edna\u010d ARCALOCK &#8222;Zapnuto\/Vypnuto&#8220; pro kompatibilitu s r\u016fzn\u00fdmi v\u00fdrobci<\/li>\n<li>Komponenty z tvrzen\u00e9 oceli pro uchycen\u00ed na li\u0161t\u011b Picatinny<\/li>\n<li>P\u0159ipojen\u00ed ARMS 17S pro pou\u017eit\u00ed s b\u011b\u017en\u00fdmi dvojno\u017ekami<\/li>\n<\/ul>\n<p>Vyrobeno z hlin\u00edku 6061-T6 a nerezov\u00e9 oceli, v\u00e1\u017e\u00ed 0,57 kg a m\u011b\u0159\u00ed 15,2 cm \u00d7 8,9 cm \u00d7 5,1 cm. Ur\u010deno pro st\u0159elce na st\u0159edn\u00ed a\u017e dlouh\u00e9 vzd\u00e1lenosti.<\/p>\n<p><strong>Pozn\u00e1mka:<\/strong> Nen\u00ed kompatibiln\u00ed se v\u0161emi za\u0159\u00edzen\u00edmi Area 419 ARCALOCK, v\u010detn\u011b Garmin XERO Arms a RailChanger X.<\/p>\n<\/div>\n","protected":false},"excerpt":{"rendered":"<p>Univerz\u00e1ln\u00ed svorka ARCALOCK\/Picatinny pro p\u0159esnou st\u0159elbu.<\/p>\n","protected":false},"featured_media":115945,"template":"","meta":{"_acf_changed":false},"product_brand":[11032],"product_cat":[12657,12709],"product_tag":[],"class_list":{"0":"post-140949","1":"product","2":"type-product","3":"status-publish","4":"has-post-thumbnail","6":"product_brand-area-419","7":"product_cat-listy","8":"product_cat-puska","10":"first","11":"outofstock","12":"taxable","13":"shipping-taxable","14":"purchasable","15":"product-type-simple"},"acf":[],"_links":{"self":[{"href":"https:\/\/staging.nbg.eu\/cs\/wp-json\/wp\/v2\/product\/140949","targetHints":{"allow":["GET"]}}],"collection":[{"href":"https:\/\/staging.nbg.eu\/cs\/wp-json\/wp\/v2\/product"}],"about":[{"href":"https:\/\/staging.nbg.eu\/cs\/wp-json\/wp\/v2\/types\/product"}],"wp:featuredmedia":[{"embeddable":true,"href":"https:\/\/staging.nbg.eu\/cs\/wp-json\/wp\/v2\/media\/115945"}],"wp:attachment":[{"href":"https:\/\/staging.nbg.eu\/cs\/wp-json\/wp\/v2\/media?parent=140949"}],"wp:term":[{"taxonomy":"product_brand","embeddable":true,"href":"https:\/\/staging.nbg.eu\/cs\/wp-json\/wp\/v2\/product_brand?post=140949"},{"taxonomy":"product_cat","embeddable":true,"href":"https:\/\/staging.nbg.eu\/cs\/wp-json\/wp\/v2\/product_cat?post=140949"},{"taxonomy":"product_tag","embeddable":true,"href":"https:\/\/staging.nbg.eu\/cs\/wp-json\/wp\/v2\/product_tag?post=140949"}],"curies":[{"name":"wp","href":"https:\/\/api.w.org\/{rel}","templated":true}]}}