{"id":140842,"date":"2025-01-04T07:33:44","date_gmt":"2025-01-10T19:00:44","guid":{"rendered":"https:\/\/staging.nbg.eu\/product\/area-419-arcalock-qd-clamp\/"},"modified":"2025-01-10T19:02:46","modified_gmt":"2025-01-10T19:02:46","slug":"area-419-arcalock-qd-svorka","status":"publish","type":"product","link":"https:\/\/staging.nbg.eu\/cs\/produkt\/area-419-arcalock-qd-svorka\/","title":{"rendered":"Area 419 &#8211; ARCALOCK QD Svorka"},"content":{"rendered":"<div class=\"product-description\">\n<h2>Area 419 &#8211; ARCALOCK QD Svorka<\/h2>\n<p>ARCALOCK QD svorka od Area 419 je ur\u010dena pro p\u0159esn\u00e9 pu\u0161ky. Tato svorka funguje na v\u0161ech standardn\u00edch ARCA\/1,5&#8243; rybinov\u00fdch li\u0161t\u00e1ch a nab\u00edz\u00ed mechanicky uzam\u010den\u00e9 \u0159e\u0161en\u00ed pro lep\u0161\u00ed stabilitu.<\/p>\n<ul>\n<li>Dvoustup\u0148ov\u00fd \u0161roubov\u00fd design pro rychl\u00fd pohyb a vy\u0161\u0161\u00ed to\u010div\u00fd moment<\/li>\n<li>Kompatibiln\u00ed s Atlas Bipody a adaptovateln\u00e1 pro Harris Bipody<\/li>\n<li>Zp\u011btn\u011b kompatibiln\u00ed se standardn\u00edmi ARCA li\u0161tami<\/li>\n<li>Vyrobeno z hlin\u00edku 6061-T6 s \u010dern\u00fdm tvrd\u00fdm eloxov\u00e1n\u00edm typu III<\/li>\n<li>\u0160roub z nerezov\u00e9 oceli 303 pro odolnost<\/li>\n<li>Hmotnost pouze 72,5 gram\u016f<\/li>\n<\/ul>\n<p>ARCALOCK QD svorka je navr\u017eena a vyrobena v USA spole\u010dnost\u00ed Area 419.<\/p>\n<\/div>\n","protected":false},"excerpt":{"rendered":"<p>Rychle odn\u00edmateln\u00e1 svorka ARCA s blokovac\u00edm mechanismem pro bezpe\u010dn\u00e9 upevn\u011bn\u00ed.<\/p>\n","protected":false},"featured_media":115488,"template":"","meta":{"_acf_changed":false},"product_brand":[11032],"product_cat":[12657,12709,390],"product_tag":[],"class_list":{"0":"post-140842","1":"product","2":"type-product","3":"status-publish","4":"has-post-thumbnail","6":"product_brand-area-419","7":"product_cat-listy","8":"product_cat-puska","9":"product_cat-aiming","11":"first","12":"instock","13":"taxable","14":"shipping-taxable","15":"purchasable","16":"product-type-simple"},"acf":[],"_links":{"self":[{"href":"https:\/\/staging.nbg.eu\/cs\/wp-json\/wp\/v2\/product\/140842","targetHints":{"allow":["GET"]}}],"collection":[{"href":"https:\/\/staging.nbg.eu\/cs\/wp-json\/wp\/v2\/product"}],"about":[{"href":"https:\/\/staging.nbg.eu\/cs\/wp-json\/wp\/v2\/types\/product"}],"wp:featuredmedia":[{"embeddable":true,"href":"https:\/\/staging.nbg.eu\/cs\/wp-json\/wp\/v2\/media\/115488"}],"wp:attachment":[{"href":"https:\/\/staging.nbg.eu\/cs\/wp-json\/wp\/v2\/media?parent=140842"}],"wp:term":[{"taxonomy":"product_brand","embeddable":true,"href":"https:\/\/staging.nbg.eu\/cs\/wp-json\/wp\/v2\/product_brand?post=140842"},{"taxonomy":"product_cat","embeddable":true,"href":"https:\/\/staging.nbg.eu\/cs\/wp-json\/wp\/v2\/product_cat?post=140842"},{"taxonomy":"product_tag","embeddable":true,"href":"https:\/\/staging.nbg.eu\/cs\/wp-json\/wp\/v2\/product_tag?post=140842"}],"curies":[{"name":"wp","href":"https:\/\/api.w.org\/{rel}","templated":true}]}}