{"id":140733,"date":"2025-01-04T10:50:43","date_gmt":"2025-01-04T10:50:43","guid":{"rendered":"https:\/\/staging.nbg.eu\/product\/area-419-mlok-nut-and-screw-set\/"},"modified":"2025-01-10T18:38:41","modified_gmt":"2025-01-10T18:38:41","slug":"area-419-mlok-sada-matic-a-sroubu","status":"publish","type":"product","link":"https:\/\/staging.nbg.eu\/cs\/produkt\/area-419-mlok-sada-matic-a-sroubu\/","title":{"rendered":"Area 419 &#8211; MLOK Sada Matic a \u0160roub\u016f"},"content":{"rendered":"<div class=\"product-description\">\n<h2>Area 419 &#8211; Sada matic a \u0161roub\u016f MLOK<\/h2>\n<p>Sada hardwaru Area 419 MLOK pro p\u0159\u00edslu\u0161enstv\u00ed M-LOK. Tato sada zaji\u0161\u0165uje bezpe\u010dn\u00e9 p\u0159ipevn\u011bn\u00ed a v\u00fdkon pro vybaven\u00ed kompatibiln\u00ed s M-LOK.<\/p>\n<h3>Hlavn\u00ed vlastnosti:<\/h3>\n<ul>\n<li>Obsahuje 4 matice MLOK a 4 \u0161rouby<\/li>\n<li>Vyrobeno z oceli 4140 Chromoly<\/li>\n<li>Povrchov\u00e1 \u00faprava manganov\u00fdm fosf\u00e1tem pro odolnost proti korozi<\/li>\n<li>Kompatibiln\u00ed se v\u0161emi dopl\u0148ky M-LOK<\/li>\n<li>Navr\u017eeno pro optim\u00e1ln\u00ed p\u0159izp\u016fsoben\u00ed a funkci<\/li>\n<\/ul>\n<h3>Specifikace:<\/h3>\n<ul>\n<li>Hmotnost: 0,045 kg<\/li>\n<li>Rozm\u011bry: 0,76 \u00d7 0,76 \u00d7 0,76 cm<\/li>\n<\/ul>\n<p>Sada n\u00e1hradn\u00edch T-matic M-LOK. Area 419 pro spolehliv\u00fd a dlouhotrvaj\u00edc\u00ed v\u00fdkon.<\/p>\n<\/div>\n","protected":false},"excerpt":{"rendered":"<p>Sada hardwaru M-LOK z oceli 4140: 4 matice, 4 \u0161rouby. Povrchov\u00e1 \u00faprava v kvalit\u011b Mil-Spec.<\/p>\n","protected":false},"featured_media":117733,"template":"","meta":{"_acf_changed":false},"product_brand":[11032],"product_cat":[12657,12709],"product_tag":[],"class_list":{"0":"post-140733","1":"product","2":"type-product","3":"status-publish","4":"has-post-thumbnail","6":"product_brand-area-419","7":"product_cat-listy","8":"product_cat-puska","10":"first","11":"instock","12":"taxable","13":"shipping-taxable","14":"purchasable","15":"product-type-simple"},"acf":[],"_links":{"self":[{"href":"https:\/\/staging.nbg.eu\/cs\/wp-json\/wp\/v2\/product\/140733","targetHints":{"allow":["GET"]}}],"collection":[{"href":"https:\/\/staging.nbg.eu\/cs\/wp-json\/wp\/v2\/product"}],"about":[{"href":"https:\/\/staging.nbg.eu\/cs\/wp-json\/wp\/v2\/types\/product"}],"wp:featuredmedia":[{"embeddable":true,"href":"https:\/\/staging.nbg.eu\/cs\/wp-json\/wp\/v2\/media\/117733"}],"wp:attachment":[{"href":"https:\/\/staging.nbg.eu\/cs\/wp-json\/wp\/v2\/media?parent=140733"}],"wp:term":[{"taxonomy":"product_brand","embeddable":true,"href":"https:\/\/staging.nbg.eu\/cs\/wp-json\/wp\/v2\/product_brand?post=140733"},{"taxonomy":"product_cat","embeddable":true,"href":"https:\/\/staging.nbg.eu\/cs\/wp-json\/wp\/v2\/product_cat?post=140733"},{"taxonomy":"product_tag","embeddable":true,"href":"https:\/\/staging.nbg.eu\/cs\/wp-json\/wp\/v2\/product_tag?post=140733"}],"curies":[{"name":"wp","href":"https:\/\/api.w.org\/{rel}","templated":true}]}}