{"id":140527,"date":"2025-01-04T07:09:46","date_gmt":"2025-01-10T17:47:51","guid":{"rendered":"https:\/\/staging.nbg.eu\/product\/area-419-arcalock-arm-for-garmin-xero\/"},"modified":"2025-01-10T17:50:07","modified_gmt":"2025-01-10T17:50:07","slug":"area-419-arcalock-rameno-pro-garmin-xero","status":"publish","type":"product","link":"https:\/\/staging.nbg.eu\/cs\/produkt\/area-419-arcalock-rameno-pro-garmin-xero\/","title":{"rendered":"Area 419 &#8211; ARCALOCK Rameno pro Garmin Xero"},"content":{"rendered":"<div class=\"product-description\">\n<h2>Area 419 &#8211; ARCALOCK rameno pro Garmin Xero C1<\/h2>\n<p>ARCALOCK rameno pro Garmin Xero C1 umo\u017e\u0148uje n\u011bkolik mo\u017enost\u00ed mont\u00e1\u017ee:<\/p>\n<ul>\n<li>V linii s hlavn\u00ed (p\u0159edn\u00ed nebo bo\u010dn\u00ed mont\u00e1\u017e)<\/li>\n<li>S odsazen\u00edm pomoc\u00ed ARCA li\u0161ty nebo prodlou\u017een\u00e9 picatinny li\u0161ty<\/li>\n<li>Odn\u00edmateln\u00e9 pro pou\u017eit\u00ed na jak\u00e9mkoli stativu kompatibiln\u00edm s ARCA<\/li>\n<\/ul>\n<p>Rameno je vyrobeno z hlin\u00edku a m\u00e1 17S mont\u00e1\u017en\u00ed vzor kompatibiln\u00ed s na\u0161imi Arcalock svorkami nebo QD picatinny p\u00e1kov\u00fdmi svorkami. Vhodn\u00e9 pro chronograf Garmin Xero C1.<\/p>\n<h3>Specifikace:<\/h3>\n<ul>\n<li>Hmotnost: 454 g<\/li>\n<li>Rozm\u011bry: 15,24 cm \u00d7 10,16 cm \u00d7 2,54 cm<\/li>\n<\/ul>\n<\/div>\n","protected":false},"excerpt":{"rendered":"<p>Univerz\u00e1ln\u00ed dr\u017e\u00e1k pro Garmin Xero C1: Kompatibiln\u00ed s hlavn\u00ed, kolejnic\u00ed nebo stativem.<\/p>\n","protected":false},"featured_media":114876,"template":"","meta":{"_acf_changed":false},"product_brand":[11032],"product_cat":[12657,12709],"product_tag":[],"class_list":{"0":"post-140527","1":"product","2":"type-product","3":"status-publish","4":"has-post-thumbnail","6":"product_brand-area-419","7":"product_cat-listy","8":"product_cat-puska","10":"first","11":"instock","12":"taxable","13":"shipping-taxable","14":"purchasable","15":"product-type-variable","16":"wvs-archive-product-wrapper"},"acf":[],"_links":{"self":[{"href":"https:\/\/staging.nbg.eu\/cs\/wp-json\/wp\/v2\/product\/140527","targetHints":{"allow":["GET"]}}],"collection":[{"href":"https:\/\/staging.nbg.eu\/cs\/wp-json\/wp\/v2\/product"}],"about":[{"href":"https:\/\/staging.nbg.eu\/cs\/wp-json\/wp\/v2\/types\/product"}],"wp:featuredmedia":[{"embeddable":true,"href":"https:\/\/staging.nbg.eu\/cs\/wp-json\/wp\/v2\/media\/114876"}],"wp:attachment":[{"href":"https:\/\/staging.nbg.eu\/cs\/wp-json\/wp\/v2\/media?parent=140527"}],"wp:term":[{"taxonomy":"product_brand","embeddable":true,"href":"https:\/\/staging.nbg.eu\/cs\/wp-json\/wp\/v2\/product_brand?post=140527"},{"taxonomy":"product_cat","embeddable":true,"href":"https:\/\/staging.nbg.eu\/cs\/wp-json\/wp\/v2\/product_cat?post=140527"},{"taxonomy":"product_tag","embeddable":true,"href":"https:\/\/staging.nbg.eu\/cs\/wp-json\/wp\/v2\/product_tag?post=140527"}],"curies":[{"name":"wp","href":"https:\/\/api.w.org\/{rel}","templated":true}]}}