{"id":139396,"date":"2025-01-04T07:39:43","date_gmt":"2025-01-10T10:48:48","guid":{"rendered":"https:\/\/staging.nbg.eu\/product\/area-419-arcalock-fixed-barricade-block\/"},"modified":"2025-01-10T10:50:48","modified_gmt":"2025-01-10T10:50:48","slug":"area-419-arcalock-pevny-barikadovy-blok","status":"publish","type":"product","link":"https:\/\/staging.nbg.eu\/cs\/produkt\/area-419-arcalock-pevny-barikadovy-blok\/","title":{"rendered":"Area 419 &#8211; ARCALOCK pevn\u00fd barik\u00e1dov\u00fd blok"},"content":{"rendered":"<div class=\"product-description\">\n<h2>Area 419 &#8211; ARCALOCK Pevn\u00fd Barik\u00e1dov\u00fd Blok<\/h2>\n<p>ARCALOCK Pevn\u00fd Barik\u00e1dov\u00fd Blok je navr\u017een pro ploch\u00e9 ARCALOCK li\u0161ty. Toto p\u0159\u00edslu\u0161enstv\u00ed se nasunuje na 12&#8243; Univerz\u00e1ln\u00ed, M-LOK, Keymod a MPA li\u0161ty, poskytuje bezpe\u010dn\u00fd a nastaviteln\u00fd doraz.<\/p>\n<ul>\n<li>V\u00fd\u0161ka 1-1\/8&#8243; od spodn\u00ed \u010d\u00e1sti li\u0161ty<\/li>\n<li>Dr\u00e1\u017ekovan\u00fd povrch pro lep\u0161\u00ed \u00fachop<\/li>\n<li>Up\u00ednac\u00ed konstrukce se stav\u011bc\u00edm \u0161roubem pro zaji\u0161t\u011bn\u00ed stability<\/li>\n<li>Vyrobeno z hlin\u00edku 6061-T6<\/li>\n<li>Povrchov\u00e1 \u00faprava \u010dern\u00fdm tvrd\u00fdm eloxov\u00e1n\u00edm typu III<\/li>\n<li>Obsahuje 3\/32&#8243; kl\u00ed\u010d pro nastaven\u00ed<\/li>\n<\/ul>\n<p>V\u00e1\u017e\u00ed 0,2 libry a m\u011b\u0159\u00ed 2&#8243; x 1,5&#8243; x 1,5&#8243;, tento kompaktn\u00ed blok nab\u00edz\u00ed odolnost a p\u0159esnost pro st\u0159elce.<\/p>\n<\/div>\n","protected":false},"excerpt":{"rendered":"<p>Bezpe\u010dn\u00e1, nastaviteln\u00e1 zar\u00e1\u017eka pro kolejnice ARCALOCK. Hlin\u00edkov\u00e1, s dr\u00e1\u017ekovan\u00fdm \u00fachopem.<\/p>\n","protected":false},"featured_media":115538,"template":"","meta":{"_acf_changed":false},"product_brand":[11032],"product_cat":[12657,12709,390],"product_tag":[],"class_list":{"0":"post-139396","1":"product","2":"type-product","3":"status-publish","4":"has-post-thumbnail","6":"product_brand-area-419","7":"product_cat-listy","8":"product_cat-puska","9":"product_cat-aiming","11":"first","12":"instock","13":"taxable","14":"shipping-taxable","15":"purchasable","16":"product-type-simple"},"acf":[],"_links":{"self":[{"href":"https:\/\/staging.nbg.eu\/cs\/wp-json\/wp\/v2\/product\/139396","targetHints":{"allow":["GET"]}}],"collection":[{"href":"https:\/\/staging.nbg.eu\/cs\/wp-json\/wp\/v2\/product"}],"about":[{"href":"https:\/\/staging.nbg.eu\/cs\/wp-json\/wp\/v2\/types\/product"}],"wp:featuredmedia":[{"embeddable":true,"href":"https:\/\/staging.nbg.eu\/cs\/wp-json\/wp\/v2\/media\/115538"}],"wp:attachment":[{"href":"https:\/\/staging.nbg.eu\/cs\/wp-json\/wp\/v2\/media?parent=139396"}],"wp:term":[{"taxonomy":"product_brand","embeddable":true,"href":"https:\/\/staging.nbg.eu\/cs\/wp-json\/wp\/v2\/product_brand?post=139396"},{"taxonomy":"product_cat","embeddable":true,"href":"https:\/\/staging.nbg.eu\/cs\/wp-json\/wp\/v2\/product_cat?post=139396"},{"taxonomy":"product_tag","embeddable":true,"href":"https:\/\/staging.nbg.eu\/cs\/wp-json\/wp\/v2\/product_tag?post=139396"}],"curies":[{"name":"wp","href":"https:\/\/api.w.org\/{rel}","templated":true}]}}