{"id":139288,"date":"2025-01-04T11:28:41","date_gmt":"2025-01-04T11:28:41","guid":{"rendered":"https:\/\/staging.nbg.eu\/product\/area-419-3-inch-stackable-drop-tube\/"},"modified":"2025-01-10T10:35:44","modified_gmt":"2025-01-10T10:35:44","slug":"area-419-3palcova-skladaci-nastavkova-trubice","status":"publish","type":"product","link":"https:\/\/staging.nbg.eu\/cs\/produkt\/area-419-3palcova-skladaci-nastavkova-trubice\/","title":{"rendered":"Area 419 &#8211; 3palcov\u00e1 skl\u00e1dac\u00ed n\u00e1stavkov\u00e1 trubice"},"content":{"rendered":"<h2>Area 419 &#8211; 7,62 cm stohovateln\u00e1 n\u00e1sypka<\/h2>\n<p>Area 419 7,62 cm stohovateln\u00e1 n\u00e1sypka je ur\u010dena pro pou\u017eit\u00ed s extrudovan\u00fdmi prachy a umo\u017e\u0148uje pln\u011bj\u0161\u00ed pln\u011bn\u00ed n\u00e1bojnic.<\/p>\n<h2>Hlavn\u00ed vlastnosti:<\/h2>\n<ul>\n<li>Kompatibiln\u00ed s v\u00fdm\u011bnn\u00fdm syst\u00e9mem hlavic prachov\u00fdch n\u00e1levek Area 419<\/li>\n<li>D\u00e9lka 7,62 cm, stohovateln\u00e1 pro r\u016fzn\u00e9 v\u00fd\u0161ky<\/li>\n<li>P\u0159ij\u00edm\u00e1 hlavice specifick\u00e9 pro jednotliv\u00e9 r\u00e1\u017ee<\/li>\n<li>Vyrobeno z hlin\u00edku 6061-T6<\/li>\n<li>Povrchov\u00e1 \u00faprava: anodizace typu II<\/li>\n<\/ul>\n<h2>Specifikace:<\/h2>\n<ul>\n<li>Hmotnost: 90,7 g<\/li>\n<li>Rozm\u011bry: 7,62 cm \u00d7 2,03 cm \u00d7 2,03 cm<\/li>\n<li>V\u00fdrobce: Area 419<\/li>\n<\/ul>\n<p>Tato n\u00e1sypka je ur\u010dena pro p\u0159esn\u011bj\u0161\u00ed p\u0159eb\u00edjen\u00ed st\u0159eliva.<\/p>\n","protected":false},"excerpt":{"rendered":"<p>Stohovateln\u00e1 3palcov\u00e1 trubice na syp\u00e1n\u00ed st\u0159eln\u00e9ho prachu pro efektivn\u00ed pln\u011bn\u00ed n\u00e1bojnic. Hlin\u00edkov\u00e1.<\/p>\n","protected":false},"featured_media":119156,"template":"","meta":{"_acf_changed":false},"product_brand":[11032],"product_cat":[12705,12659],"product_tag":[],"class_list":{"0":"post-139288","1":"product","2":"type-product","3":"status-publish","4":"has-post-thumbnail","6":"product_brand-area-419","7":"product_cat-prebijeni","8":"product_cat-prislusenstvi-pro-prebijeni","10":"first","11":"outofstock","12":"taxable","13":"shipping-taxable","14":"purchasable","15":"product-type-simple"},"acf":[],"_links":{"self":[{"href":"https:\/\/staging.nbg.eu\/cs\/wp-json\/wp\/v2\/product\/139288","targetHints":{"allow":["GET"]}}],"collection":[{"href":"https:\/\/staging.nbg.eu\/cs\/wp-json\/wp\/v2\/product"}],"about":[{"href":"https:\/\/staging.nbg.eu\/cs\/wp-json\/wp\/v2\/types\/product"}],"wp:featuredmedia":[{"embeddable":true,"href":"https:\/\/staging.nbg.eu\/cs\/wp-json\/wp\/v2\/media\/119156"}],"wp:attachment":[{"href":"https:\/\/staging.nbg.eu\/cs\/wp-json\/wp\/v2\/media?parent=139288"}],"wp:term":[{"taxonomy":"product_brand","embeddable":true,"href":"https:\/\/staging.nbg.eu\/cs\/wp-json\/wp\/v2\/product_brand?post=139288"},{"taxonomy":"product_cat","embeddable":true,"href":"https:\/\/staging.nbg.eu\/cs\/wp-json\/wp\/v2\/product_cat?post=139288"},{"taxonomy":"product_tag","embeddable":true,"href":"https:\/\/staging.nbg.eu\/cs\/wp-json\/wp\/v2\/product_tag?post=139288"}],"curies":[{"name":"wp","href":"https:\/\/api.w.org\/{rel}","templated":true}]}}