{"id":139162,"date":"2025-01-04T11:14:34","date_gmt":"2025-01-04T11:14:34","guid":{"rendered":"https:\/\/staging.nbg.eu\/product\/fixed-scope-level-for-area-419-rings-and-mounts\/"},"modified":"2025-01-10T10:27:25","modified_gmt":"2025-01-10T10:27:25","slug":"pevna-pozicni-libela-pro-area-419-krouzky-a-montaze","status":"publish","type":"product","link":"https:\/\/staging.nbg.eu\/cs\/produkt\/pevna-pozicni-libela-pro-area-419-krouzky-a-montaze\/","title":{"rendered":"Pevn\u00e1 pozi\u010dn\u00ed libela pro Area 419 krou\u017eky a mont\u00e1\u017ee"},"content":{"rendered":"<div class=\"product-description\">\n<h2>Pevn\u00e1 \u00farove\u0148 pro krou\u017eky a dr\u017e\u00e1ky Area 419<\/h2>\n<p>Na\u0161e pevn\u00e1 \u00farove\u0148 pro zam\u011b\u0159ova\u010de nab\u00edz\u00ed tyto vlastnosti:<\/p>\n<ul>\n<li>Dob\u0159e viditeln\u00e1 libela pro snadn\u00e9 ode\u010d\u00edt\u00e1n\u00ed<\/li>\n<li>Univerz\u00e1ln\u00ed design kompatibiln\u00ed s v\u00edce mont\u00e1\u017en\u00edmi body<\/li>\n<li>Vyrobeno z odoln\u00e9ho hlin\u00edku 6061<\/li>\n<li>Vyrobeno v USA<\/li>\n<\/ul>\n<p>Vhodn\u00e9 pro st\u0159elce, kte\u0159\u00ed vy\u017eaduj\u00ed p\u0159esnost. Lze namontovat na jak\u00fdkoli z na\u0161ich krou\u017ek\u016f a dr\u017e\u00e1k\u016f podle va\u0161eho v\u00fdb\u011bru.<\/p>\n<h3>Specifikace:<\/h3>\n<ul>\n<li>Hmotnost: 0,23 kg<\/li>\n<li>Rozm\u011bry: 15,24 \u00d7 10,16 \u00d7 2,54 cm<\/li>\n<\/ul>\n<p>Pevn\u00e1 \u00farove\u0148 pro zam\u011b\u0159ova\u010de &#8211; spojen\u00ed jednoduchosti a p\u0159esnosti.<\/p>\n<\/div>\n","protected":false},"excerpt":{"rendered":"<p>\u201eViditeln\u00e1, opakovateln\u00e1 \u00farove\u0148 zam\u011b\u0159ov\u00e1n\u00ed. Hlin\u00edk vyroben\u00fd v USA. V\u0161estrann\u00e9 upevn\u011bn\u00ed.&#8220;<\/p>\n","protected":false},"featured_media":118914,"template":"","meta":{"_acf_changed":false},"product_brand":[11032],"product_cat":[12685,12642],"product_tag":[],"class_list":{"0":"post-139162","1":"product","2":"type-product","3":"status-publish","4":"has-post-thumbnail","6":"product_brand-area-419","7":"product_cat-mireni","8":"product_cat-prislusenstvi-pro-mireni","10":"first","11":"instock","12":"taxable","13":"shipping-taxable","14":"purchasable","15":"product-type-simple"},"acf":[],"_links":{"self":[{"href":"https:\/\/staging.nbg.eu\/cs\/wp-json\/wp\/v2\/product\/139162","targetHints":{"allow":["GET"]}}],"collection":[{"href":"https:\/\/staging.nbg.eu\/cs\/wp-json\/wp\/v2\/product"}],"about":[{"href":"https:\/\/staging.nbg.eu\/cs\/wp-json\/wp\/v2\/types\/product"}],"wp:featuredmedia":[{"embeddable":true,"href":"https:\/\/staging.nbg.eu\/cs\/wp-json\/wp\/v2\/media\/118914"}],"wp:attachment":[{"href":"https:\/\/staging.nbg.eu\/cs\/wp-json\/wp\/v2\/media?parent=139162"}],"wp:term":[{"taxonomy":"product_brand","embeddable":true,"href":"https:\/\/staging.nbg.eu\/cs\/wp-json\/wp\/v2\/product_brand?post=139162"},{"taxonomy":"product_cat","embeddable":true,"href":"https:\/\/staging.nbg.eu\/cs\/wp-json\/wp\/v2\/product_cat?post=139162"},{"taxonomy":"product_tag","embeddable":true,"href":"https:\/\/staging.nbg.eu\/cs\/wp-json\/wp\/v2\/product_tag?post=139162"}],"curies":[{"name":"wp","href":"https:\/\/api.w.org\/{rel}","templated":true}]}}