{"id":139054,"date":"2025-01-04T11:21:50","date_gmt":"2025-01-04T11:21:50","guid":{"rendered":"https:\/\/staging.nbg.eu\/product\/area-419-master-funnel-kit\/"},"modified":"2025-01-10T10:22:02","modified_gmt":"2025-01-10T10:22:02","slug":"area-419-master-sada-nalevek","status":"publish","type":"product","link":"https:\/\/staging.nbg.eu\/cs\/produkt\/area-419-master-sada-nalevek\/","title":{"rendered":"Area 419 &#8211; Master sada n\u00e1levek"},"content":{"rendered":"<h2>Area 419 &#8211; Sada hlavn\u00ed n\u00e1sypky<\/h2>\n<p>Sada Area 419 hlavn\u00ed n\u00e1sypky obsahuje:<\/p>\n<ul>\n<li>1 t\u011blo n\u00e1sypky<\/li>\n<li>6 kalibrem specifick\u00fdch barevn\u011b ozna\u010den\u00fdch hlavic (22 cal, 6mm\/243, 6.5mm\/264, 7mm\/284, 30 cal, 338 cal)<\/li>\n<li>1 skladovac\u00ed blok<\/li>\n<\/ul>\n<p>Vyrobeno z hlin\u00edku 6061-T6, tato n\u00e1sypka sni\u017euje statickou elekt\u0159inu a zaji\u0161\u0165uje tok prachu. V\u00fdm\u011bnn\u00e9 hlavice poskytuj\u00ed p\u0159esn\u00e9 ulo\u017een\u00ed pro ka\u017ed\u00fd kaliber. N\u00e1sypka obsahuje tyto prvky:<\/p>\n<ul>\n<li>Dr\u00e1\u017ekovan\u00fd vnit\u0159ek pro lep\u0161\u00ed tok prachu<\/li>\n<li>Obroben\u00e9 rukojeti pro snadn\u00e9 uchopen\u00ed<\/li>\n<li>Hladk\u00e9 povrchy pro prevenci ulp\u00edv\u00e1n\u00ed prachu<\/li>\n<\/ul>\n<p>Vyrobeno v USA, tato sada je ur\u010dena pro p\u0159eb\u00edjen\u00ed st\u0159eliva.<\/p>\n","protected":false},"excerpt":{"rendered":"<p>Sada Area 419 Master Funnel Kit: P\u0159esn\u00e9 p\u0159eb\u00edjen\u00ed s 6 kalibrov\u00fdmi hlavami.<\/p>\n","protected":false},"featured_media":119058,"template":"","meta":{"_acf_changed":false},"product_brand":[11032],"product_cat":[12705,12659],"product_tag":[],"class_list":{"0":"post-139054","1":"product","2":"type-product","3":"status-publish","4":"has-post-thumbnail","6":"product_brand-area-419","7":"product_cat-prebijeni","8":"product_cat-prislusenstvi-pro-prebijeni","10":"first","11":"instock","12":"taxable","13":"shipping-taxable","14":"purchasable","15":"product-type-simple"},"acf":[],"_links":{"self":[{"href":"https:\/\/staging.nbg.eu\/cs\/wp-json\/wp\/v2\/product\/139054","targetHints":{"allow":["GET"]}}],"collection":[{"href":"https:\/\/staging.nbg.eu\/cs\/wp-json\/wp\/v2\/product"}],"about":[{"href":"https:\/\/staging.nbg.eu\/cs\/wp-json\/wp\/v2\/types\/product"}],"wp:featuredmedia":[{"embeddable":true,"href":"https:\/\/staging.nbg.eu\/cs\/wp-json\/wp\/v2\/media\/119058"}],"wp:attachment":[{"href":"https:\/\/staging.nbg.eu\/cs\/wp-json\/wp\/v2\/media?parent=139054"}],"wp:term":[{"taxonomy":"product_brand","embeddable":true,"href":"https:\/\/staging.nbg.eu\/cs\/wp-json\/wp\/v2\/product_brand?post=139054"},{"taxonomy":"product_cat","embeddable":true,"href":"https:\/\/staging.nbg.eu\/cs\/wp-json\/wp\/v2\/product_cat?post=139054"},{"taxonomy":"product_tag","embeddable":true,"href":"https:\/\/staging.nbg.eu\/cs\/wp-json\/wp\/v2\/product_tag?post=139054"}],"curies":[{"name":"wp","href":"https:\/\/api.w.org\/{rel}","templated":true}]}}