{"id":137761,"date":"2025-01-04T10:53:28","date_gmt":"2025-01-04T10:53:28","guid":{"rendered":"https:\/\/staging.nbg.eu\/product\/area-419-harris-bipod-adapter\/"},"modified":"2025-01-09T15:57:32","modified_gmt":"2025-01-09T15:57:32","slug":"area-419-adapter-pro-harris-bipod","status":"publish","type":"product","link":"https:\/\/staging.nbg.eu\/cs\/produkt\/area-419-adapter-pro-harris-bipod\/","title":{"rendered":"Area 419 &#8211; adapt\u00e9r pro Harris bipod"},"content":{"rendered":"<div class=\"product-description\">\n<h2>Area 419 &#8211; Adapt\u00e9r pro dvojno\u017eku Harris<\/h2>\n<p>Adapt\u00e9r Area 419 pro oto\u010dn\u00e9 dvojno\u017eky Harris typu &#8222;S&#8220; (Swivel). Tento adapt\u00e9r umo\u017e\u0148uje p\u0159ipevnit dvojno\u017eku k z\u00e1kladn\u00e1m ARCALOCK Clamp nebo adapt\u00e9r\u016fm kolejnice Atlas Bipod.<\/p>\n<ul>\n<li>Nahrazuje p\u016fvodn\u00ed oto\u010dnou mont\u00e1\u017en\u00ed platformu<\/li>\n<li>Kompatibiln\u00ed s tov\u00e1rn\u00edm nap\u00ednac\u00edm \u0161roubem nebo KMW Pod Loc<\/li>\n<li>Vyroben z hlin\u00edku 6061-T6<\/li>\n<li>Povrchov\u00e1 \u00faprava \u010dern\u00fdm tvrd\u00fdm eloxov\u00e1n\u00edm typu III<\/li>\n<li>Hmotnost 0,2 lb<\/li>\n<li>Rozm\u011bry: 1,5 \u00d7 1,5 \u00d7 1,5 palce<\/li>\n<\/ul>\n<p><strong>Pozn\u00e1mka:<\/strong> Dvojno\u017eka a svorka nejsou sou\u010d\u00e1st\u00ed balen\u00ed. Nen\u00ed kompatibiln\u00ed s Barricade Stop.<\/p>\n<\/div>\n","protected":false},"excerpt":{"rendered":"<p>P\u0159izp\u016fsobte oto\u010dn\u00e9 dvojno\u017eky Harris k syst\u00e9m\u016fm ARCALOCK nebo Atlas.<\/p>\n","protected":false},"featured_media":117886,"template":"","meta":{"_acf_changed":false},"product_brand":[11032],"product_cat":[12702,12657,12709],"product_tag":[],"class_list":{"0":"post-137761","1":"product","2":"type-product","3":"status-publish","4":"has-post-thumbnail","6":"product_brand-area-419","7":"product_cat-dvojnozky","8":"product_cat-listy","9":"product_cat-puska","11":"first","12":"outofstock","13":"taxable","14":"shipping-taxable","15":"purchasable","16":"product-type-simple"},"acf":[],"_links":{"self":[{"href":"https:\/\/staging.nbg.eu\/cs\/wp-json\/wp\/v2\/product\/137761","targetHints":{"allow":["GET"]}}],"collection":[{"href":"https:\/\/staging.nbg.eu\/cs\/wp-json\/wp\/v2\/product"}],"about":[{"href":"https:\/\/staging.nbg.eu\/cs\/wp-json\/wp\/v2\/types\/product"}],"wp:featuredmedia":[{"embeddable":true,"href":"https:\/\/staging.nbg.eu\/cs\/wp-json\/wp\/v2\/media\/117886"}],"wp:attachment":[{"href":"https:\/\/staging.nbg.eu\/cs\/wp-json\/wp\/v2\/media?parent=137761"}],"wp:term":[{"taxonomy":"product_brand","embeddable":true,"href":"https:\/\/staging.nbg.eu\/cs\/wp-json\/wp\/v2\/product_brand?post=137761"},{"taxonomy":"product_cat","embeddable":true,"href":"https:\/\/staging.nbg.eu\/cs\/wp-json\/wp\/v2\/product_cat?post=137761"},{"taxonomy":"product_tag","embeddable":true,"href":"https:\/\/staging.nbg.eu\/cs\/wp-json\/wp\/v2\/product_tag?post=137761"}],"curies":[{"name":"wp","href":"https:\/\/api.w.org\/{rel}","templated":true}]}}