{"id":137400,"date":"2025-01-04T07:45:36","date_gmt":"2025-01-09T11:24:16","guid":{"rendered":"https:\/\/staging.nbg.eu\/product\/area-419-picatinny-1913-adapter-for-arcalock-clamps\/"},"modified":"2025-01-09T11:26:13","modified_gmt":"2025-01-09T11:26:13","slug":"area-419-picatinny1913-adapter-pro-arcalock-svorky","status":"publish","type":"product","link":"https:\/\/staging.nbg.eu\/cs\/produkt\/area-419-picatinny1913-adapter-pro-arcalock-svorky\/","title":{"rendered":"Area 419 &#8211; Picatinny\/1913 adapt\u00e9r pro ARCALOCK svorky"},"content":{"rendered":"<h2>Area 419 &#8211; Picatinny\/1913 adapt\u00e9r pro ARCALOCK svorky<\/h2>\n<p>Tento 4-slotov\u00fd Picatinny kolejnicov\u00fd adapt\u00e9r je navr\u017een pro pou\u017eit\u00ed s na\u0161\u00ed ARCALOCK svorkou. Adapt\u00e9r umo\u017e\u0148uje pou\u017eit\u00ed jak\u00e9hokoli bipodu kompatibiln\u00edho s Picatinny s va\u0161\u00edm st\u00e1vaj\u00edc\u00edm vybaven\u00edm.<\/p>\n<h2>Hlavn\u00ed vlastnosti:<\/h2>\n<ul>\n<li>Kompatibiln\u00ed s modely Atlas BT10 2-\u0161roubov\u00e9, Evo a dal\u0161\u00edmi bipody kompatibiln\u00edmi s Picatinny<\/li>\n<li>Vyr\u00e1b\u011bno intern\u011b pro zaji\u0161t\u011bn\u00ed kvality<\/li>\n<li>Integrovan\u00fd \u00fachyt pro p\u0159ipevn\u011bn\u00ed \u0159emenu<\/li>\n<li>Lehk\u00fd a kompaktn\u00ed design<\/li>\n<\/ul>\n<h2>Specifikace:<\/h2>\n<ul>\n<li>Hmotnost: 0,09 kg<\/li>\n<li>Rozm\u011bry: 5,08 cm \u00d7 1,27 cm \u00d7 1,27 cm<\/li>\n<li>V\u00fdrobce: B&amp;T Industries<\/li>\n<\/ul>\n<p>Tento adapt\u00e9r roz\u0161i\u0159uje mo\u017enosti va\u0161\u00ed ARCALOCK svorky.<\/p>\n","protected":false},"excerpt":{"rendered":"<p>4-dr\u00e1\u017ekov\u00e1 kolejnice Picatinny pro svorku ARCALOCK, vhodn\u00e1 pro dvojno\u017eky Atlas a Evo.<\/p>\n","protected":false},"featured_media":115681,"template":"","meta":{"_acf_changed":false},"product_brand":[11032],"product_cat":[12657,12709,390],"product_tag":[],"class_list":{"0":"post-137400","1":"product","2":"type-product","3":"status-publish","4":"has-post-thumbnail","6":"product_brand-area-419","7":"product_cat-listy","8":"product_cat-puska","9":"product_cat-aiming","11":"first","12":"instock","13":"taxable","14":"shipping-taxable","15":"purchasable","16":"product-type-simple"},"acf":[],"_links":{"self":[{"href":"https:\/\/staging.nbg.eu\/cs\/wp-json\/wp\/v2\/product\/137400","targetHints":{"allow":["GET"]}}],"collection":[{"href":"https:\/\/staging.nbg.eu\/cs\/wp-json\/wp\/v2\/product"}],"about":[{"href":"https:\/\/staging.nbg.eu\/cs\/wp-json\/wp\/v2\/types\/product"}],"wp:featuredmedia":[{"embeddable":true,"href":"https:\/\/staging.nbg.eu\/cs\/wp-json\/wp\/v2\/media\/115681"}],"wp:attachment":[{"href":"https:\/\/staging.nbg.eu\/cs\/wp-json\/wp\/v2\/media?parent=137400"}],"wp:term":[{"taxonomy":"product_brand","embeddable":true,"href":"https:\/\/staging.nbg.eu\/cs\/wp-json\/wp\/v2\/product_brand?post=137400"},{"taxonomy":"product_cat","embeddable":true,"href":"https:\/\/staging.nbg.eu\/cs\/wp-json\/wp\/v2\/product_cat?post=137400"},{"taxonomy":"product_tag","embeddable":true,"href":"https:\/\/staging.nbg.eu\/cs\/wp-json\/wp\/v2\/product_tag?post=137400"}],"curies":[{"name":"wp","href":"https:\/\/api.w.org\/{rel}","templated":true}]}}