{"id":136546,"date":"2024-11-26T10:16:42","date_gmt":"2024-11-26T10:16:42","guid":{"rendered":"https:\/\/staging.nbg.eu\/product\/geissele-alg-defense-barrel-nut-wrench\/"},"modified":"2025-01-09T09:20:21","modified_gmt":"2025-01-09T09:20:21","slug":"geissele-alg-defense-klic-na-matici-hlavne","status":"publish","type":"product","link":"https:\/\/staging.nbg.eu\/cs\/produkt\/geissele-alg-defense-klic-na-matici-hlavne\/","title":{"rendered":"Geissele ALG Defense kl\u00ed\u010d na matici hlavn\u011b"},"content":{"rendered":"<div class=\"product-description\">\n<h2>Kl\u00ed\u010d na matici hlavn\u011b ALG Defense<\/h2>\n<p>Kl\u00ed\u010d na matici hlavn\u011b ALG Defense je n\u00e1stroj pro st\u0159eleck\u00e9 nad\u0161ence a pu\u0161ka\u0159e. Tento kl\u00ed\u010d v\u00e1m umo\u017e\u0148uje:<\/p>\n<ul>\n<li>Aplikovat spr\u00e1vn\u00fd to\u010div\u00fd moment na matici hlavn\u011b<\/li>\n<li>Sou\u010dasn\u011b indexovat matici hlavn\u011b k plynov\u00e9 trubici<\/li>\n<li>Sestavit syst\u00e9my li\u0161t ALG Defense bez momentov\u00e9ho kl\u00ed\u010de<\/li>\n<\/ul>\n<p>Tento kl\u00ed\u010d zjednodu\u0161uje proces instalace. Jeho design zaji\u0161\u0165uje konzistentn\u00ed v\u00fdsledky p\u0159i ka\u017ed\u00e9m pou\u017eit\u00ed, co\u017e z n\u011bj d\u011bl\u00e1 d\u016fle\u017eit\u00fd dopln\u011bk va\u0161\u00ed sady n\u00e1stroj\u016f.<\/p>\n<p>Kl\u00ed\u010d na matici hlavn\u011b ALG Defense je \u0159e\u0161en\u00ed pro mont\u00e1\u017e a \u00fadr\u017ebu st\u0159eln\u00fdch zbran\u00ed.<\/p>\n<\/div>\n","protected":false},"excerpt":{"rendered":"<p>Kl\u00ed\u010d na matici hlavn\u011b ALG Defense: Snadn\u00e9 utahov\u00e1n\u00ed a indexov\u00e1n\u00ed, nen\u00ed pot\u0159eba nic dal\u0161\u00edho.<\/p>\n","protected":false},"featured_media":81233,"template":"","meta":{"_acf_changed":false},"product_brand":[11377],"product_cat":[12658],"product_tag":[],"class_list":{"0":"post-136546","1":"product","2":"type-product","3":"status-publish","4":"has-post-thumbnail","6":"product_brand-geissele","7":"product_cat-rifle-tuning","9":"first","10":"instock","11":"taxable","12":"shipping-taxable","13":"product-type-simple"},"acf":[],"_links":{"self":[{"href":"https:\/\/staging.nbg.eu\/cs\/wp-json\/wp\/v2\/product\/136546","targetHints":{"allow":["GET"]}}],"collection":[{"href":"https:\/\/staging.nbg.eu\/cs\/wp-json\/wp\/v2\/product"}],"about":[{"href":"https:\/\/staging.nbg.eu\/cs\/wp-json\/wp\/v2\/types\/product"}],"wp:featuredmedia":[{"embeddable":true,"href":"https:\/\/staging.nbg.eu\/cs\/wp-json\/wp\/v2\/media\/81233"}],"wp:attachment":[{"href":"https:\/\/staging.nbg.eu\/cs\/wp-json\/wp\/v2\/media?parent=136546"}],"wp:term":[{"taxonomy":"product_brand","embeddable":true,"href":"https:\/\/staging.nbg.eu\/cs\/wp-json\/wp\/v2\/product_brand?post=136546"},{"taxonomy":"product_cat","embeddable":true,"href":"https:\/\/staging.nbg.eu\/cs\/wp-json\/wp\/v2\/product_cat?post=136546"},{"taxonomy":"product_tag","embeddable":true,"href":"https:\/\/staging.nbg.eu\/cs\/wp-json\/wp\/v2\/product_tag?post=136546"}],"curies":[{"name":"wp","href":"https:\/\/api.w.org\/{rel}","templated":true}]}}