{"id":135732,"date":"2024-11-03T11:56:08","date_gmt":"2025-01-09T08:09:49","guid":{"rendered":"https:\/\/staging.nbg.eu\/product\/semi-automatic-rifle-krw-20-version-5-ar9%d1%8519\/"},"modified":"2025-01-09T08:11:48","modified_gmt":"2025-01-09T08:11:48","slug":"samonabijeci-puska-krw-20-verze-5-ar-9x19","status":"publish","type":"product","link":"https:\/\/staging.nbg.eu\/cs\/produkt\/samonabijeci-puska-krw-20-verze-5-ar-9x19\/","title":{"rendered":"Samonab\u00edjec\u00ed pu\u0161ka KRW 20 verze 5-AR, 9&#215;19"},"content":{"rendered":"<h2>KRW 20 Verze 5-AR,9&#215;19 Poloautomatick\u00e1 pu\u0161ka<\/h2>\n<h2>P\u0159ehled produktu<\/h2>\n<p>KRW 20 Verze 5-AR,9&#215;19 je poloautomatick\u00e1 pu\u0161ka ur\u010den\u00e1 pro sportovn\u00ed a ter\u010dovou st\u0159elbu, osobn\u00ed ochranu a ochranu majetku. Vyrobena spole\u010dnost\u00ed KR-WEAPONS, tato zbra\u0148 kombinuje p\u0159esnost, funk\u010dnost a adaptabilitu.<\/p>\n<h2>Kl\u00ed\u010dov\u00e9 vlastnosti<\/h2>\n<ul>\n<li>R\u00e1\u017ee: 9mm Luger \/ 9&#215;21<\/li>\n<li>D\u00e9lka hlavn\u011b: 254mm<\/li>\n<li>Celkov\u00e1 d\u00e9lka: 689-739mm (rozta\u017een\u00e1) \/ 482mm (slo\u017een\u00e1 pa\u017eba)<\/li>\n<li>V\u00fd\u0161ka: 194mm s mechanick\u00fdmi m\u00ed\u0159idly<\/li>\n<li>\u0160\u00ed\u0159ka: 51,6mm (t\u011blo 34mm)<\/li>\n<li>Hmotnost: 2,73kg (ocelov\u00e9 t\u011blo)<\/li>\n<li>\u010cty\u0159i Picatinny li\u0161ty (MIL-STD-1913) pro mont\u00e1\u017e p\u0159\u00edslu\u0161enstv\u00ed<\/li>\n<li>Kompatibiln\u00ed s z\u00e1sobn\u00edky Glock Gen4 (10, 15, 17 a 33 n\u00e1boj\u016f)<\/li>\n<li>Skl\u00e1dac\u00ed pa\u017eba pro kompaktn\u00ed skladov\u00e1n\u00ed a p\u0159epravu<\/li>\n<\/ul>\n<h2>Funk\u010dnost a design<\/h2>\n<p>KRW 20 funguje na principu zp\u011btn\u00e9ho r\u00e1zu, st\u0159\u00edl\u00ed z uzav\u0159en\u00e9ho z\u00e1v\u011bru. Tato konstrukce zaji\u0161\u0165uje spolehliv\u00fd v\u00fdkon a p\u0159esnost. Zbra\u0148 obsahuje:<\/p>\n<ul>\n<li>Hlavn\u00ed li\u0161ta na horn\u00edm krytu pro mont\u00e1\u017e m\u00ed\u0159idel nebo optiky<\/li>\n<li>Bo\u010dn\u00ed li\u0161ty pro taktick\u00e9 p\u0159\u00edslu\u0161enstv\u00ed (nap\u0159. taktick\u00e1 sv\u00edtilna)<\/li>\n<li>Spodn\u00ed li\u0161ta pro p\u0159ipevn\u011bn\u00ed taktick\u00e9 pistolov\u00e9 rukojeti<\/li>\n<li>Vestav\u011bn\u00e1 \u0161achta v rukojeti pro rezervn\u00ed z\u00e1sobn\u00edk<\/li>\n<li>Oboustrann\u00e1 nap\u00ednac\u00ed p\u00e1ka<\/li>\n<li>Dvoustup\u0148ov\u00fd spou\u0161\u0165ov\u00fd mechanismus<\/li>\n<li>Tla\u010d\u00edtko pojistky um\u00edst\u011bn\u00e9 za spou\u0161t\u00ed<\/li>\n<\/ul>\n<h2>P\u0159izp\u016fsoben\u00ed a p\u0159\u00edslu\u0161enstv\u00ed<\/h2>\n<p>KRW 20 je navr\u017eena pro snadn\u00e9 p\u0159izp\u016fsoben\u00ed:<\/p>\n<ul>\n<li>Nastaviteln\u00e1 mechanick\u00e1 m\u00ed\u0159idla (v\u00fd\u0161kov\u011b nastaviteln\u00e1 p\u0159edn\u00ed m\u00ed\u0159idla, stranov\u011b nastaviteln\u00e1 zadn\u00ed m\u00ed\u0159idla)<\/li>\n<li>Kompatibiln\u00ed s r\u016fzn\u00fdmi optikami a m\u00ed\u0159idly<\/li>\n<li>V\u00edce bod\u016f pro p\u0159ipojen\u00ed taktick\u00e9ho p\u0159\u00edslu\u0161enstv\u00ed<\/li>\n<li>Skl\u00e1dac\u00ed pa\u017eba pro lep\u0161\u00ed p\u0159enosnost<\/li>\n<\/ul>\n<h2>Bezpe\u010dnostn\u00ed prvky<\/h2>\n<p>KRW 20 obsahuje n\u011bkolik bezpe\u010dnostn\u00edch mechanism\u016f:<\/p>\n<ul>\n<li>Syst\u00e9m blokov\u00e1n\u00ed spou\u0161t\u011b zabra\u0148uje st\u0159elb\u011b, pokud nen\u00ed komora bezpe\u010dn\u011b uzam\u010dena<\/li>\n<li>Tla\u010d\u00edtko pojistky se t\u0159emi polohami (zaji\u0161t\u011bno, st\u0159elba vlevo, st\u0159elba vpravo)<\/li>\n<li>Indik\u00e1tor otev\u0159en\u00e9ho z\u00e1v\u011bru<\/li>\n<li>Zachycen\u00ed z\u00e1v\u011bru po vyst\u0159elen\u00ed posledn\u00edho n\u00e1boje<\/li>\n<\/ul>\n<h2>Vhodn\u00e1 pro r\u016fzn\u00e9 aplikace<\/h2>\n<p>KRW 20 Verze 5-AR,9&#215;19 je vhodn\u00e1 pro:<\/p>\n<ul>\n<li>Sportovn\u00ed st\u0159eleck\u00e9 sout\u011b\u017ee<\/li>\n<li>Ter\u010dovou st\u0159elbu a tr\u00e9nink<\/li>\n<li>Osobn\u00ed obranu<\/li>\n<li>Ochranu majetku<\/li>\n<\/ul>\n<p>KRW 20 Verze 5-AR,9&#215;19 poloautomatick\u00e1 pu\u0161ka nab\u00edz\u00ed p\u0159esnost, spolehlivost a v\u0161estrannost. Je vhodn\u00e1 pro sout\u011b\u017en\u00ed st\u0159elce, nad\u0161ence do st\u0159eln\u00fdch zbran\u00ed nebo pro sebeobranu.<\/p>\n","protected":false},"excerpt":{"rendered":"<p>Poloautomatick\u00e1 pu\u0161ka KRW 20 v5-AR,9\u00d719. Sportovn\u00ed a obrann\u00e1 zbra\u0148 se 4 Picatinny li\u0161tami. Sklopn\u00e1 pa\u017eba, z\u00e1sobn\u00edky Glock.<\/p>\n","protected":false},"featured_media":76970,"template":"","meta":{"_acf_changed":false},"product_brand":[11515],"product_cat":[12706,12723,12709],"product_tag":[],"class_list":{"0":"post-135732","1":"product","2":"type-product","3":"status-publish","4":"has-post-thumbnail","6":"product_brand-krw","7":"product_cat-karabiny","8":"product_cat-pcc","9":"product_cat-puska","11":"first","12":"instock","13":"taxable","14":"shipping-taxable","15":"purchasable","16":"product-type-simple"},"acf":[],"_links":{"self":[{"href":"https:\/\/staging.nbg.eu\/cs\/wp-json\/wp\/v2\/product\/135732","targetHints":{"allow":["GET"]}}],"collection":[{"href":"https:\/\/staging.nbg.eu\/cs\/wp-json\/wp\/v2\/product"}],"about":[{"href":"https:\/\/staging.nbg.eu\/cs\/wp-json\/wp\/v2\/types\/product"}],"wp:featuredmedia":[{"embeddable":true,"href":"https:\/\/staging.nbg.eu\/cs\/wp-json\/wp\/v2\/media\/76970"}],"wp:attachment":[{"href":"https:\/\/staging.nbg.eu\/cs\/wp-json\/wp\/v2\/media?parent=135732"}],"wp:term":[{"taxonomy":"product_brand","embeddable":true,"href":"https:\/\/staging.nbg.eu\/cs\/wp-json\/wp\/v2\/product_brand?post=135732"},{"taxonomy":"product_cat","embeddable":true,"href":"https:\/\/staging.nbg.eu\/cs\/wp-json\/wp\/v2\/product_cat?post=135732"},{"taxonomy":"product_tag","embeddable":true,"href":"https:\/\/staging.nbg.eu\/cs\/wp-json\/wp\/v2\/product_tag?post=135732"}],"curies":[{"name":"wp","href":"https:\/\/api.w.org\/{rel}","templated":true}]}}