{"id":134754,"date":"2024-11-26T10:13:16","date_gmt":"2024-11-26T10:13:16","guid":{"rendered":"https:\/\/staging.nbg.eu\/product\/geissele-ak-high-energy-main-spring\/"},"modified":"2025-01-08T18:59:49","modified_gmt":"2025-01-08T18:59:49","slug":"geissele-ak-vysokoenergeticka-hlavni-pruzina","status":"publish","type":"product","link":"https:\/\/staging.nbg.eu\/cs\/produkt\/geissele-ak-vysokoenergeticka-hlavni-pruzina\/","title":{"rendered":"Geissele AK vysokoenergetick\u00e1 hlavn\u00ed pru\u017eina"},"content":{"rendered":"<div class=\"product-description\">\n<h2>Geissele AK hlavn\u00ed pru\u017eina s vysokou energi\u00ed<\/h2>\n<p>Zlep\u0161ete v\u00fdkon va\u0161\u00ed pu\u0161ky platformy AK47\/74 s hlavn\u00ed pru\u017einou Geissele AK s vysokou energi\u00ed. Tato n\u00e1hradn\u00ed pru\u017eina nab\u00edz\u00ed:<\/p>\n<ul>\n<li>Konstrukce z jednoho dr\u00e1tu z chrom-k\u0159em\u00edkov\u00e9 oceli<\/li>\n<li>Vyrobeno podle specifikac\u00ed ASTM A401<\/li>\n<li>O 25% v\u011bt\u0161\u00ed kroutic\u00ed moment ne\u017e standardn\u00ed tov\u00e1rn\u00ed hlavn\u00ed pru\u017einy<\/li>\n<li>Krat\u0161\u00ed doba uzam\u010den\u00ed pro zlep\u0161en\u00ed rychlosti st\u0159elby<\/li>\n<li>Zv\u00fd\u0161en\u00e1 konzistence v z\u00e1\u017eehu z\u00e1palky<\/li>\n<\/ul>\n<p>Vylep\u0161ete spolehlivost a odezvu va\u0161eho AK touto pru\u017einou. Geissele AK hlavn\u00ed pru\u017eina s vysokou energi\u00ed poskytuje lep\u0161\u00ed v\u00fdkon a konzistenci p\u0159i ka\u017ed\u00e9m v\u00fdst\u0159elu.<\/p>\n<\/div>\n","protected":false},"excerpt":{"rendered":"<p>Zvy\u0161te v\u00fdkon AK47\/74 pomoc\u00ed t\u00e9to vysoce energetick\u00e9 n\u00e1hradn\u00ed pru\u017einy.<\/p>\n","protected":false},"featured_media":81140,"template":"","meta":{"_acf_changed":false},"product_brand":[11377],"product_cat":[12643],"product_tag":[],"class_list":{"0":"post-134754","1":"product","2":"type-product","3":"status-publish","4":"has-post-thumbnail","6":"product_brand-geissele","7":"product_cat-ak-tuning","9":"first","10":"instock","11":"taxable","12":"shipping-taxable","13":"product-type-simple"},"acf":[],"_links":{"self":[{"href":"https:\/\/staging.nbg.eu\/cs\/wp-json\/wp\/v2\/product\/134754","targetHints":{"allow":["GET"]}}],"collection":[{"href":"https:\/\/staging.nbg.eu\/cs\/wp-json\/wp\/v2\/product"}],"about":[{"href":"https:\/\/staging.nbg.eu\/cs\/wp-json\/wp\/v2\/types\/product"}],"wp:featuredmedia":[{"embeddable":true,"href":"https:\/\/staging.nbg.eu\/cs\/wp-json\/wp\/v2\/media\/81140"}],"wp:attachment":[{"href":"https:\/\/staging.nbg.eu\/cs\/wp-json\/wp\/v2\/media?parent=134754"}],"wp:term":[{"taxonomy":"product_brand","embeddable":true,"href":"https:\/\/staging.nbg.eu\/cs\/wp-json\/wp\/v2\/product_brand?post=134754"},{"taxonomy":"product_cat","embeddable":true,"href":"https:\/\/staging.nbg.eu\/cs\/wp-json\/wp\/v2\/product_cat?post=134754"},{"taxonomy":"product_tag","embeddable":true,"href":"https:\/\/staging.nbg.eu\/cs\/wp-json\/wp\/v2\/product_tag?post=134754"}],"curies":[{"name":"wp","href":"https:\/\/api.w.org\/{rel}","templated":true}]}}