{"id":134496,"date":"2024-11-26T10:10:26","date_gmt":"2025-01-08T17:59:41","guid":{"rendered":"https:\/\/staging.nbg.eu\/product\/geissele-ak-braided-spring\/"},"modified":"2025-01-08T18:01:46","modified_gmt":"2025-01-08T18:01:46","slug":"geissele-ak-pletena-pruzina","status":"publish","type":"product","link":"https:\/\/staging.nbg.eu\/cs\/produkt\/geissele-ak-pletena-pruzina\/","title":{"rendered":"Geissele AK pleten\u00e1 pru\u017eina"},"content":{"rendered":"<div class=\"product-description\">\n<h2>Geissele AK pru\u017eina s pletenou konstrukc\u00ed<\/h2>\n<p>N\u00e1hradn\u00ed pru\u017eina pro pu\u0161ky platformy AK47\/74. Vyrobeno v USA, tato pru\u017eina m\u00e1:<\/p>\n<ul>\n<li>T\u0159i prameny dr\u00e1tu<\/li>\n<li>Pletenou konstrukci pro zv\u00fd\u0161enou odolnost<\/li>\n<li>Zlep\u0161en\u00fd cyklus a spolehlivost<\/li>\n<li>Kompatibiln\u00ed s variantami AK47 a AK74<\/li>\n<\/ul>\n<p>Pru\u017eina nab\u00edz\u00ed plynulej\u0161\u00ed provoz a konzistentn\u00ed v\u00fdkon. Pleten\u00e1 konstrukce poskytuje del\u0161\u00ed \u017eivotnost ve srovn\u00e1n\u00ed s tradi\u010dn\u00edmi pru\u017einami z jednoho dr\u00e1tu. Tato pru\u017eina je ur\u010dena ke zlep\u0161en\u00ed funk\u010dnosti va\u0161\u00ed pu\u0161ky AK.<\/p>\n<\/div>\n","protected":false},"excerpt":{"rendered":"<p>Zlep\u0161ete v\u00fdkon AK47\/74 pomoc\u00ed pleten\u00e9ho hlavn\u00edho pera vyroben\u00e9ho v USA.<\/p>\n","protected":false},"featured_media":81093,"template":"","meta":{"_acf_changed":false},"product_brand":[11377],"product_cat":[12643],"product_tag":[],"class_list":{"0":"post-134496","1":"product","2":"type-product","3":"status-publish","4":"has-post-thumbnail","6":"product_brand-geissele","7":"product_cat-ak-tuning","9":"first","10":"instock","11":"taxable","12":"shipping-taxable","13":"product-type-simple"},"acf":[],"_links":{"self":[{"href":"https:\/\/staging.nbg.eu\/cs\/wp-json\/wp\/v2\/product\/134496","targetHints":{"allow":["GET"]}}],"collection":[{"href":"https:\/\/staging.nbg.eu\/cs\/wp-json\/wp\/v2\/product"}],"about":[{"href":"https:\/\/staging.nbg.eu\/cs\/wp-json\/wp\/v2\/types\/product"}],"wp:featuredmedia":[{"embeddable":true,"href":"https:\/\/staging.nbg.eu\/cs\/wp-json\/wp\/v2\/media\/81093"}],"wp:attachment":[{"href":"https:\/\/staging.nbg.eu\/cs\/wp-json\/wp\/v2\/media?parent=134496"}],"wp:term":[{"taxonomy":"product_brand","embeddable":true,"href":"https:\/\/staging.nbg.eu\/cs\/wp-json\/wp\/v2\/product_brand?post=134496"},{"taxonomy":"product_cat","embeddable":true,"href":"https:\/\/staging.nbg.eu\/cs\/wp-json\/wp\/v2\/product_cat?post=134496"},{"taxonomy":"product_tag","embeddable":true,"href":"https:\/\/staging.nbg.eu\/cs\/wp-json\/wp\/v2\/product_tag?post=134496"}],"curies":[{"name":"wp","href":"https:\/\/api.w.org\/{rel}","templated":true}]}}