{"id":134208,"date":"2024-11-17T08:22:03","date_gmt":"2025-01-08T17:28:21","guid":{"rendered":"https:\/\/staging.nbg.eu\/product\/geissele-ak-recoil-spring\/"},"modified":"2025-01-08T17:30:21","modified_gmt":"2025-01-08T17:30:21","slug":"geissele-ak-vratna-pruzina","status":"publish","type":"product","link":"https:\/\/staging.nbg.eu\/cs\/produkt\/geissele-ak-vratna-pruzina\/","title":{"rendered":"Geissele AK vratn\u00e1 pru\u017eina"},"content":{"rendered":"<div class=\"product-description\">\n<h2>Geissele AK vratn\u00e1 pru\u017eina<\/h2>\n<p>ALG AK vratn\u00e1 pru\u017eina pro AK. Tento design nab\u00edz\u00ed trvanlivost a spolehlivost pro va\u0161i zbra\u0148.<\/p>\n<ul>\n<li>Vyrobeno z chrom-k\u0159em\u00edkov\u00e9 oceli<\/li>\n<li>Odolnost v\u016f\u010di n\u00e1razov\u00e9mu \u0161oku a relaxaci<\/li>\n<li>Design se 2-3 mrtv\u00fdmi z\u00e1vity uprost\u0159ed<\/li>\n<li>Zabra\u0148uje po\u0161kozen\u00ed harmonick\u00fdmi vibracemi a udr\u017euje volnou d\u00e9lku<\/li>\n<\/ul>\n<p>Tato pru\u017eina m\u00e1 design, kter\u00fd m\u011bn\u00ed jej\u00ed p\u0159irozenou frekvenci, zaji\u0161\u0165uje konzistentn\u00ed v\u00fdkon a prodlou\u017eenou \u017eivotnost. Tato vratn\u00e1 pru\u017eina poskytuje zv\u00fd\u0161enou stabilitu p\u0159i st\u0159elb\u011b a sn\u00ed\u017een\u00e9 opot\u0159eben\u00ed zbran\u011b.<\/p>\n<\/div>\n","protected":false},"excerpt":{"rendered":"<p>Geissele AK vratn\u00e1 pru\u017eina: Odoln\u00e1, n\u00e1razuvzdorn\u00e1, sni\u017euj\u00edc\u00ed harmonick\u00e9 vibrace.<\/p>\n","protected":false},"featured_media":81046,"template":"","meta":{"_acf_changed":false},"product_brand":[11377],"product_cat":[12643],"product_tag":[],"class_list":{"0":"post-134208","1":"product","2":"type-product","3":"status-publish","4":"has-post-thumbnail","6":"product_brand-geissele","7":"product_cat-ak-tuning","9":"first","10":"instock","11":"taxable","12":"shipping-taxable","13":"product-type-simple"},"acf":[],"_links":{"self":[{"href":"https:\/\/staging.nbg.eu\/cs\/wp-json\/wp\/v2\/product\/134208","targetHints":{"allow":["GET"]}}],"collection":[{"href":"https:\/\/staging.nbg.eu\/cs\/wp-json\/wp\/v2\/product"}],"about":[{"href":"https:\/\/staging.nbg.eu\/cs\/wp-json\/wp\/v2\/types\/product"}],"wp:featuredmedia":[{"embeddable":true,"href":"https:\/\/staging.nbg.eu\/cs\/wp-json\/wp\/v2\/media\/81046"}],"wp:attachment":[{"href":"https:\/\/staging.nbg.eu\/cs\/wp-json\/wp\/v2\/media?parent=134208"}],"wp:term":[{"taxonomy":"product_brand","embeddable":true,"href":"https:\/\/staging.nbg.eu\/cs\/wp-json\/wp\/v2\/product_brand?post=134208"},{"taxonomy":"product_cat","embeddable":true,"href":"https:\/\/staging.nbg.eu\/cs\/wp-json\/wp\/v2\/product_cat?post=134208"},{"taxonomy":"product_tag","embeddable":true,"href":"https:\/\/staging.nbg.eu\/cs\/wp-json\/wp\/v2\/product_tag?post=134208"}],"curies":[{"name":"wp","href":"https:\/\/api.w.org\/{rel}","templated":true}]}}