{"id":133693,"date":"2024-11-02T08:42:18","date_gmt":"2025-01-08T16:49:22","guid":{"rendered":"https:\/\/staging.nbg.eu\/product\/sprinco-usa-spring-kit-xp-buffer-spring-dual-extractor-spring\/"},"modified":"2025-01-08T16:51:22","modified_gmt":"2025-01-08T16:51:22","slug":"sprinco-usa-spring-kit-xp-pruzina-do-bufferu-dualni-vytahovaci-pruzina","status":"publish","type":"product","link":"https:\/\/staging.nbg.eu\/cs\/produkt\/sprinco-usa-spring-kit-xp-pruzina-do-bufferu-dualni-vytahovaci-pruzina\/","title":{"rendered":"SPRINCO USA Spring Kit-XP pru\u017eina do bufferu \/ du\u00e1ln\u00ed vytahovac\u00ed pru\u017eina"},"content":{"rendered":"<div class=\"product-description\">\n<h2>SPRINCO USA Sada pru\u017ein &#8211; XP pru\u017eina z\u00e1sobn\u00edku \/ Du\u00e1ln\u00ed pru\u017eina vytahova\u010de<\/h2>\n<p>Pru\u017eina z\u00e1sobn\u00edku SPRINCO USA Extra Power zlep\u0161uje spolehlivost AR. Navr\u017eena v roce 2006 pro t\u00fdm modernizace ozbrojen\u00fdch sil, \u0159e\u0161\u00ed probl\u00e9my s funkc\u00ed karabiny M4 v n\u00e1ro\u010dn\u00fdch podm\u00ednk\u00e1ch.<\/p>\n<ul>\n<li>O 25 % v\u011bt\u0161\u00ed konstruk\u010dn\u00ed zat\u00ed\u017een\u00ed ve srovn\u00e1n\u00ed s b\u00edlou pru\u017einou<\/li>\n<li>Vhodn\u00e1 pro 9mm, 6.8 SPC, 6.5 Grendel, .450 BM, .450 SOCOM, .500 Beowulf a Colt LE6920<\/li>\n<li>Sou\u010d\u00e1st\u00ed jsou dokumenty s postupem lad\u011bn\u00ed pro optim\u00e1ln\u00ed v\u00fdkon<\/li>\n<\/ul>\n<p>Pozn\u00e1mka: V\u00fdkon se m\u016f\u017ee li\u0161it v z\u00e1vislosti na hodnot\u00e1ch portu a n\u00e1boj\u00edch. P\u0159ed pou\u017eit\u00edm prostudujte poskytnutou dokumentaci.<\/p>\n<\/div>\n","protected":false},"excerpt":{"rendered":"<p>Vylep\u0161en\u00e1 pru\u017eina AR bufferu pro zv\u00fd\u0161enou spolehlivost v n\u00e1ro\u010dn\u00fdch podm\u00ednk\u00e1ch.<\/p>\n","protected":false},"featured_media":76550,"template":"","meta":{"_acf_changed":false},"product_brand":[],"product_cat":[12658],"product_tag":[],"class_list":{"0":"post-133693","1":"product","2":"type-product","3":"status-publish","4":"has-post-thumbnail","6":"product_cat-rifle-tuning","8":"first","9":"instock","10":"taxable","11":"shipping-taxable","12":"purchasable","13":"product-type-simple"},"acf":[],"_links":{"self":[{"href":"https:\/\/staging.nbg.eu\/cs\/wp-json\/wp\/v2\/product\/133693","targetHints":{"allow":["GET"]}}],"collection":[{"href":"https:\/\/staging.nbg.eu\/cs\/wp-json\/wp\/v2\/product"}],"about":[{"href":"https:\/\/staging.nbg.eu\/cs\/wp-json\/wp\/v2\/types\/product"}],"wp:featuredmedia":[{"embeddable":true,"href":"https:\/\/staging.nbg.eu\/cs\/wp-json\/wp\/v2\/media\/76550"}],"wp:attachment":[{"href":"https:\/\/staging.nbg.eu\/cs\/wp-json\/wp\/v2\/media?parent=133693"}],"wp:term":[{"taxonomy":"product_brand","embeddable":true,"href":"https:\/\/staging.nbg.eu\/cs\/wp-json\/wp\/v2\/product_brand?post=133693"},{"taxonomy":"product_cat","embeddable":true,"href":"https:\/\/staging.nbg.eu\/cs\/wp-json\/wp\/v2\/product_cat?post=133693"},{"taxonomy":"product_tag","embeddable":true,"href":"https:\/\/staging.nbg.eu\/cs\/wp-json\/wp\/v2\/product_tag?post=133693"}],"curies":[{"name":"wp","href":"https:\/\/api.w.org\/{rel}","templated":true}]}}