{"id":131879,"date":"2025-01-01T20:52:41","date_gmt":"2025-01-07T16:58:03","guid":{"rendered":"https:\/\/staging.nbg.eu\/product\/area-419-match-scope-rings\/"},"modified":"2025-01-07T17:00:28","modified_gmt":"2025-01-07T17:00:28","slug":"area-419-match-krouzky-na-puskohled","status":"publish","type":"product","link":"https:\/\/staging.nbg.eu\/cs\/produkt\/area-419-match-krouzky-na-puskohled\/","title":{"rendered":"Area 419 MATCH krou\u017eky na pu\u0161kohled"},"content":{"rendered":"<div class=\"product-description\">\n<h2>Mont\u00e1\u017en\u00ed krou\u017eky Area 419 MATCH<\/h2>\n<p>Mont\u00e1\u017en\u00ed krou\u017eky Area 419 MATCH jsou navr\u017eeny pro p\u0159esn\u00e9 uchycen\u00ed optiky.<\/p>\n<ul>\n<li>S\u00e9riov\u011b \u010d\u00edslovan\u00e9 krou\u017eky s fin\u00e1ln\u00edm vrt\u00e1n\u00edm pro p\u0159esnost<\/li>\n<li>Vnit\u0159n\u00ed \u010d\u00e1st z neupravovan\u00e9ho hlin\u00edku pro lep\u0161\u00ed uchycen\u00ed optiky<\/li>\n<li>P\u0159esn\u011b vyvrtan\u00e9 jako sady v obr\u00e1b\u011bc\u00edch centrech<\/li>\n<li>Ozna\u010den\u00e9 laserem jako shodn\u00e9 sady<\/li>\n<li>Vyroben\u00e9 z leteck\u00e9ho hlin\u00edku 7075<\/li>\n<li>Povrchov\u00e1 \u00faprava tvrd\u00fdm eloxov\u00e1n\u00edm typu 3 (vnit\u0159n\u00ed vrt\u00e1n\u00ed z neupravovan\u00e9ho hlin\u00edku)<\/li>\n<li>Dostupn\u00e9 pro pr\u016fm\u011bry tubusu 30mm, 34mm, 35mm a 36mm<\/li>\n<li>V\u00fd\u0161ky mont\u00e1\u017ee: n\u00edzk\u00e1 (24mm), st\u0159edn\u00ed (28mm) a vysok\u00e1 (32mm)<\/li>\n<\/ul>\n<p>Mont\u00e1\u017en\u00ed krou\u017eky Area 419 MATCH jsou ur\u010deny pro p\u0159esn\u00e9 uchycen\u00ed optiky.<\/p>\n<\/div>\n","protected":false},"excerpt":{"rendered":"<p>P\u0159esn\u011b sp\u00e1rovan\u00e9, \u010d\u00edslovan\u00e9 krou\u017eky na pu\u0161kohled pro maxim\u00e1ln\u00ed stabilitu optiky.<\/p>\n","protected":false},"featured_media":109084,"template":"","meta":{"_acf_changed":false},"product_brand":[11032],"product_cat":[12685],"product_tag":[],"class_list":{"0":"post-131879","1":"product","2":"type-product","3":"status-publish","4":"has-post-thumbnail","6":"product_brand-area-419","7":"product_cat-mireni","9":"first","10":"instock","11":"taxable","12":"shipping-taxable","13":"purchasable","14":"product-type-variable","15":"wvs-archive-product-wrapper"},"acf":[],"_links":{"self":[{"href":"https:\/\/staging.nbg.eu\/cs\/wp-json\/wp\/v2\/product\/131879","targetHints":{"allow":["GET"]}}],"collection":[{"href":"https:\/\/staging.nbg.eu\/cs\/wp-json\/wp\/v2\/product"}],"about":[{"href":"https:\/\/staging.nbg.eu\/cs\/wp-json\/wp\/v2\/types\/product"}],"wp:featuredmedia":[{"embeddable":true,"href":"https:\/\/staging.nbg.eu\/cs\/wp-json\/wp\/v2\/media\/109084"}],"wp:attachment":[{"href":"https:\/\/staging.nbg.eu\/cs\/wp-json\/wp\/v2\/media?parent=131879"}],"wp:term":[{"taxonomy":"product_brand","embeddable":true,"href":"https:\/\/staging.nbg.eu\/cs\/wp-json\/wp\/v2\/product_brand?post=131879"},{"taxonomy":"product_cat","embeddable":true,"href":"https:\/\/staging.nbg.eu\/cs\/wp-json\/wp\/v2\/product_cat?post=131879"},{"taxonomy":"product_tag","embeddable":true,"href":"https:\/\/staging.nbg.eu\/cs\/wp-json\/wp\/v2\/product_tag?post=131879"}],"curies":[{"name":"wp","href":"https:\/\/api.w.org\/{rel}","templated":true}]}}