{"id":130148,"date":"2024-01-30T18:12:20","date_gmt":"2025-01-07T13:14:35","guid":{"rendered":"https:\/\/staging.nbg.eu\/product\/area-419-cantilevered-tactical-one-piece-scope-mount\/"},"modified":"2025-01-07T13:16:57","modified_gmt":"2025-01-07T13:16:57","slug":"area-419-cantilevered-tactical-montaz-puskohledu-one-piece","status":"publish","type":"product","link":"https:\/\/staging.nbg.eu\/cs\/produkt\/area-419-cantilevered-tactical-montaz-puskohledu-one-piece\/","title":{"rendered":"Area 419 Cantilevered Tactical mont\u00e1\u017e pu\u0161kohledu One-Piece"},"content":{"rendered":"<div class=\"product-description\">\n<h2>Area 419 Konzolov\u00fd taktick\u00fd jednod\u00edln\u00fd dr\u017e\u00e1k na pu\u0161kohled<\/h2>\n<p>Area 419 Konzolov\u00fd taktick\u00fd jednod\u00edln\u00fd dr\u017e\u00e1k na pu\u0161kohled nab\u00edz\u00ed spolehlivost a konzistenci. Tento dr\u017e\u00e1k poskytuje pevn\u00e9 uchycen\u00ed optiky.<\/p>\n<h2>V\u00fdrobn\u00ed proces<\/h2>\n<ul>\n<li>CNC fr\u00e9zov\u00e1no v Americe z hlin\u00edku 7075<\/li>\n<li>Kone\u010dn\u00e9 vrt\u00e1n\u00ed v sad\u00e1ch pro dokonal\u00e9 zarovn\u00e1n\u00ed<\/li>\n<li>Surov\u00e9 hlin\u00edkov\u00e9, p\u0159esn\u011b vrtan\u00e9 kontaktn\u00ed plochy pro pu\u0161kohled<\/li>\n<li>Po vrt\u00e1n\u00ed nen\u00ed nikdy zcela rozebr\u00e1n<\/li>\n<\/ul>\n<h2>Hlavn\u00ed vlastnosti<\/h2>\n<ul>\n<li>Lehk\u00e1 konstrukce: 8-9 unc\u00ed na dr\u017e\u00e1k<\/li>\n<li>V\u00edce mont\u00e1\u017en\u00edch bod\u016f pro p\u0159\u00edslu\u0161enstv\u00ed<\/li>\n<li>Odd\u011blen\u00e9 up\u00ednac\u00ed li\u0161ty pro maxim\u00e1ln\u00ed uchycen\u00ed na picatinny li\u0161tu<\/li>\n<li>Zapu\u0161t\u011bn\u00e9 up\u00ednac\u00ed patky umo\u017e\u0148uj\u00edc\u00ed maxim\u00e1ln\u00ed nastaven\u00ed mont\u00e1\u017ee<\/li>\n<li>Ocelov\u00e9 vodic\u00ed kol\u00edky mezi z\u00e1kladnou a v\u00ed\u010dky pro p\u0159esn\u00e9 zarovn\u00e1n\u00ed<\/li>\n<li>Nitridovan\u00e9 nerezov\u00e9 komponenty<\/li>\n<li>Patentovan\u00e9 velmi pevn\u00e9 a opakovateln\u00e9 uchycen\u00ed horn\u00edho p\u0159\u00edslu\u0161enstv\u00ed<\/li>\n<\/ul>\n<h2>Specifikace<\/h2>\n<ul>\n<li>Hmotnost: 1,5 lbs<\/li>\n<li>Rozm\u011bry: 9,5 \u00d7 5,8 \u00d7 2,8 palc\u016f<\/li>\n<li>Mo\u017enosti pr\u016fm\u011bru tubusu: 30mm, 34mm, 35mm, 36mm<\/li>\n<li>Mo\u017enosti v\u00fd\u0161ky: 34mm (1,34&#8243;), 39mm (1,54&#8243;)<\/li>\n<li>Mo\u017enosti sklonu: 0 MOA, 20 MOA (5,8 MIL)<\/li>\n<\/ul>\n<p>N\u00e1\u0161 v\u00fdrobn\u00ed proces vytv\u00e1\u0159\u00ed dr\u017e\u00e1k na pu\u0161kohled, kter\u00fd spl\u0148uje vysok\u00e9 standardy kvality a v\u00fdkonu.<\/p>\n<\/div>\n","protected":false},"excerpt":{"rendered":"<p>P\u0159esn\u011b konstruovan\u00fd dr\u017e\u00e1k pu\u0161kohledu: robustn\u00ed, lehk\u00fd, s krou\u017eky p\u0159esn\u011b p\u0159izp\u016fsoben\u00fdmi v\u00fdvrtu pro maxim\u00e1ln\u00ed p\u0159esnost.<\/p>\n","protected":false},"featured_media":108731,"template":"","meta":{"_acf_changed":false},"product_brand":[11032],"product_cat":[12685],"product_tag":[],"class_list":{"0":"post-130148","1":"product","2":"type-product","3":"status-publish","4":"has-post-thumbnail","6":"product_brand-area-419","7":"product_cat-mireni","9":"first","10":"instock","11":"taxable","12":"shipping-taxable","13":"purchasable","14":"product-type-variable","15":"wvs-archive-product-wrapper"},"acf":[],"_links":{"self":[{"href":"https:\/\/staging.nbg.eu\/cs\/wp-json\/wp\/v2\/product\/130148","targetHints":{"allow":["GET"]}}],"collection":[{"href":"https:\/\/staging.nbg.eu\/cs\/wp-json\/wp\/v2\/product"}],"about":[{"href":"https:\/\/staging.nbg.eu\/cs\/wp-json\/wp\/v2\/types\/product"}],"wp:featuredmedia":[{"embeddable":true,"href":"https:\/\/staging.nbg.eu\/cs\/wp-json\/wp\/v2\/media\/108731"}],"wp:attachment":[{"href":"https:\/\/staging.nbg.eu\/cs\/wp-json\/wp\/v2\/media?parent=130148"}],"wp:term":[{"taxonomy":"product_brand","embeddable":true,"href":"https:\/\/staging.nbg.eu\/cs\/wp-json\/wp\/v2\/product_brand?post=130148"},{"taxonomy":"product_cat","embeddable":true,"href":"https:\/\/staging.nbg.eu\/cs\/wp-json\/wp\/v2\/product_cat?post=130148"},{"taxonomy":"product_tag","embeddable":true,"href":"https:\/\/staging.nbg.eu\/cs\/wp-json\/wp\/v2\/product_tag?post=130148"}],"curies":[{"name":"wp","href":"https:\/\/api.w.org\/{rel}","templated":true}]}}