{"id":106741,"date":"2024-11-16T10:23:45","date_gmt":"2024-12-30T09:54:21","guid":{"rendered":"https:\/\/staging.nbg.eu\/product\/sai-optics-model-sai-6-1x-6x\/"},"modified":"2024-12-30T09:57:19","modified_gmt":"2024-12-30T09:57:19","slug":"sai-optics-model-sai-6-1x-6x","status":"publish","type":"product","link":"https:\/\/staging.nbg.eu\/cs\/produkt\/sai-optics-model-sai-6-1x-6x\/","title":{"rendered":"SAI Optics Model SAI 6 &#8211; 1x-6x"},"content":{"rendered":"<h2>SAI Optics Model SAI 6 &#8211; 1x-6x<\/h2>\n<p>Optick\u00fd zam\u011b\u0159ova\u010d SAI 6 nab\u00edz\u00ed \u0159e\u0161en\u00ed pro prom\u011bnliv\u00e9 zv\u011bt\u0161en\u00ed. M\u00e1 LED podsv\u00edcen\u00fd reticle v prvn\u00ed ohniskov\u00e9 rovin\u011b pro p\u0159esn\u00e9 m\u011b\u0159en\u00ed vzd\u00e1lenosti a balistickou korekci p\u0159i jak\u00e9mkoli zv\u011bt\u0161en\u00ed. Reticle a zorn\u00e9 pole zlep\u0161uj\u00ed \u00fa\u010dinnost na kr\u00e1tk\u00e9 vzd\u00e1lenosti.<\/p>\n<h2>Hlavn\u00ed vlastnosti:<\/h2>\n<ul>\n<li>Zv\u011bt\u0161en\u00ed: 1x-6x<\/li>\n<li>Tubusov\u00fd design pro modul\u00e1rn\u00ed mont\u00e1\u017e<\/li>\n<li>LED podsv\u00edcen\u00fd reticle s 10 nastaven\u00edmi<\/li>\n<li>Dostupn\u00e9 reticle: 5.56 BDC, 6.8 BDC, 7.62 BDC<\/li>\n<li>Vodot\u011bsnost: 2 hodiny p\u0159i 3 metrech<\/li>\n<li>Odolnost proti n\u00e1razu: 1000g p\u0159i 10 000 cyklech<\/li>\n<\/ul>\n<h2>Reticle:<\/h2>\n<ul>\n<li>5.56 BDC &#8211; Reticle pro rychl\u00e9 m\u00ed\u0159en\u00ed<\/li>\n<li>6.8 BDC &#8211; Reticle pro rychl\u00e9 m\u00ed\u0159en\u00ed<\/li>\n<li>7.62 BDC &#8211; Reticle pro rychl\u00e9 m\u00ed\u0159en\u00ed<\/li>\n<\/ul>\n<h2>Specifikace:<\/h2>\n<ul>\n<li>D\u00e9lka: 256 mm<\/li>\n<li>Hmotnost: 510 g<\/li>\n<li>Pr\u016fm\u011br tubusu: 30 mm<\/li>\n<li>Zorn\u00e9 pole p\u0159i 1x: 22 stup\u0148\u016f (38,8 m na 100 m)<\/li>\n<li>O\u010dn\u00ed reli\u00e9f: 90 mm nomin\u00e1ln\u00ed<\/li>\n<li>Typ baterie: CR2032 3V lithiov\u00e1<\/li>\n<\/ul>\n<h2>Standardn\u00ed p\u0159\u00edslu\u0161enstv\u00ed:<\/h2>\n<ul>\n<li>Tenebraex kryty \u010do\u010dek<\/li>\n<li>Tenebraex antireflexn\u00ed za\u0159\u00edzen\u00ed<\/li>\n<li>Poutko pro zaji\u0161t\u011bn\u00ed se\u0159izovac\u00ed krytky<\/li>\n<li>Disk pro vyjmut\u00ed baterie<\/li>\n<\/ul>\n<p>S\u00e9rie SAI 6 je navr\u017eena pro optick\u00fd v\u00fdkon v n\u00e1ro\u010dn\u00fdch podm\u00ednk\u00e1ch a umo\u017e\u0148uje pou\u017eit\u00ed dopl\u0148k\u016f jako jsou skl\u00e1p\u011bc\u00ed kryty, laserov\u00e9 filtry a polariz\u00e1tory.<\/p>\n","protected":false},"excerpt":{"rendered":"<p>SAI 6\u2122: Odoln\u00fd LED zam\u011b\u0159ova\u010d s 1x-6x zv\u011bt\u0161en\u00edm, s z\u00e1m\u011brnou osnovou v prvn\u00ed ohniskov\u00e9 rovin\u011b a \u0161irok\u00fdm zorn\u00fdm polem.<\/p>\n","protected":false},"featured_media":79682,"template":"","meta":{"_acf_changed":false},"product_brand":[11699],"product_cat":[12685,12653],"product_tag":[],"class_list":{"0":"post-106741","1":"product","2":"type-product","3":"status-publish","4":"has-post-thumbnail","6":"product_brand-sai-optics","7":"product_cat-mireni","8":"product_cat-zvetsujici-optika","10":"first","11":"instock","12":"taxable","13":"shipping-taxable","14":"purchasable","15":"product-type-variable","16":"wvs-archive-product-wrapper"},"acf":[],"_links":{"self":[{"href":"https:\/\/staging.nbg.eu\/cs\/wp-json\/wp\/v2\/product\/106741","targetHints":{"allow":["GET"]}}],"collection":[{"href":"https:\/\/staging.nbg.eu\/cs\/wp-json\/wp\/v2\/product"}],"about":[{"href":"https:\/\/staging.nbg.eu\/cs\/wp-json\/wp\/v2\/types\/product"}],"wp:featuredmedia":[{"embeddable":true,"href":"https:\/\/staging.nbg.eu\/cs\/wp-json\/wp\/v2\/media\/79682"}],"wp:attachment":[{"href":"https:\/\/staging.nbg.eu\/cs\/wp-json\/wp\/v2\/media?parent=106741"}],"wp:term":[{"taxonomy":"product_brand","embeddable":true,"href":"https:\/\/staging.nbg.eu\/cs\/wp-json\/wp\/v2\/product_brand?post=106741"},{"taxonomy":"product_cat","embeddable":true,"href":"https:\/\/staging.nbg.eu\/cs\/wp-json\/wp\/v2\/product_cat?post=106741"},{"taxonomy":"product_tag","embeddable":true,"href":"https:\/\/staging.nbg.eu\/cs\/wp-json\/wp\/v2\/product_tag?post=106741"}],"curies":[{"name":"wp","href":"https:\/\/api.w.org\/{rel}","templated":true}]}}