{"id":106571,"date":"2024-01-30T18:13:57","date_gmt":"2024-12-30T09:38:29","guid":{"rendered":"https:\/\/staging.nbg.eu\/product\/tangent-theta-tt735p-7-35x56mm-professional\/"},"modified":"2024-12-30T09:40:07","modified_gmt":"2024-12-30T09:40:07","slug":"tangent-theta-tt735p-7-35x56mm-professional","status":"publish","type":"product","link":"https:\/\/staging.nbg.eu\/cs\/produkt\/tangent-theta-tt735p-7-35x56mm-professional\/","title":{"rendered":"Tangent Theta TT735P (7-35x56mm Professional)"},"content":{"rendered":"<div class=\"product-description\">\n<p>Tangent Theta byla zalo\u017eena v roce 2013 v Nov\u00e9m Skotsku v Kanad\u011b s c\u00edlem vyr\u00e1b\u011bt nejlep\u0161\u00ed pu\u0161kohledy na sv\u011bt\u011b. Pu\u0161kohledy jsou ru\u010dn\u011b sestavov\u00e1ny, individu\u00e1ln\u011b testov\u00e1ny a kontrolov\u00e1ny t\u00fdmem optick\u00fdch design\u00e9r\u016f, strojn\u00edch in\u017een\u00fdr\u016f a mezin\u00e1rodn\u00edch st\u0159elc\u016f na dlouh\u00e9 vzd\u00e1lenosti.<\/p>\n<h2>Tangent Theta TT735P 7-35x56mm Profesion\u00e1ln\u00ed Pu\u0161kohled<\/h2>\n<p>Tangent Theta TT735P je 7-35x56mm pu\u0161kohled pro profesion\u00e1ln\u00ed st\u0159elce. Tento pu\u0161kohled kombinuje modern\u00ed technologii s odolnost\u00ed pro v\u00fdkon v n\u00e1ro\u010dn\u00fdch podm\u00ednk\u00e1ch.<\/p>\n<h2>Hlavn\u00ed vlastnosti:<\/h2>\n<ul>\n<li>Zv\u011bt\u0161en\u00ed 7-35x pro identifikaci c\u00edl\u016f na velk\u00e9 vzd\u00e1lenosti<\/li>\n<li>56mm objektiv pro sb\u011br sv\u011btla<\/li>\n<li>36mm tubus pro struktur\u00e1ln\u00ed integritu a rozsah nastaven\u00ed<\/li>\n<li>Nastaven\u00ed paralaxy od 10 metr\u016f<\/li>\n<li>11 nastaven\u00ed osv\u011btlen\u00ed z\u00e1m\u011brn\u00e9 osnovy<\/li>\n<li>Patentovan\u00e1 funkce TOOL-LESS RE-ZERO\u00ae pro nulov\u00e1n\u00ed (US Patent # 10,591,253)<\/li>\n<li>Nep\u0159ekl\u00e1dac\u00ed knofl\u00edky s eleva\u010dn\u00edm stop-nulou<\/li>\n<li>Dvojit\u00e1 oto\u010dka elevace s indik\u00e1torem ot\u00e1\u010dky<\/li>\n<li>Uzamykateln\u00e1 dioptrick\u00e1 korekce<\/li>\n<\/ul>\n<h2>Kvalita:<\/h2>\n<p>Vyrobeno v Kanad\u011b, TT735P je testov\u00e1n pro odolnost v n\u00e1ro\u010dn\u00fdch podm\u00ednk\u00e1ch. M\u00e1 anodizovanou matnou povrchovou \u00fapravu typu II, vodot\u011bsnost 4 hodiny v 10 metrech a odolnost proti n\u00e1razu 700g p\u0159i 10 000 cyklech.<\/p>\n<\/div>\n<h2>Z\u00e1m\u011brn\u00e9 osnovy:<\/h2>\n<ol>\n<li data-line-height=\"xs\">Horus Tremor3<\/li>\n<li data-line-height=\"xs\">JTAC<\/li>\n<li data-line-height=\"xs\">Gen 3 XR Fine<\/li>\n<\/ol>\n<div class=\"product-description\">\n<h2>Optika:<\/h2>\n<p>Na v\u00fdb\u011br jsou t\u0159i z\u00e1m\u011brn\u00e9 osnovy: Horus Tremor3, JTAC nebo Gen 3 XR Fine. TT735P nab\u00edz\u00ed vzd\u00e1lenost oka 90mm a zorn\u00e9 pole 5,41m na 100m (7x) a\u017e 1,08m na 100m (35x).<\/p>\n<h2>Nastaven\u00ed:<\/h2>\n<p>Rozli\u0161en\u00ed nastaven\u00ed 0,1 mrad, celkov\u00fd rozsah elevace 30 mrad a celkov\u00fd rozsah stranov\u00e9ho nastaven\u00ed 14 mrad. Bo\u010dn\u00ed nastaven\u00ed paralaxy a uzamykateln\u00e1 dioptrick\u00e1 korekce zaji\u0161\u0165uj\u00ed ostr\u00fd obraz na jakoukoli vzd\u00e1lenost.<\/p>\n<p>Tangent Theta TT735P je volbou st\u0159elc\u016f, kte\u0159\u00ed vy\u017eaduj\u00ed to nejlep\u0161\u00ed.<\/p>\n<\/div>\n","protected":false},"excerpt":{"rendered":"<p>Tangent Theta 7-35x56mm Professional je pu\u0161kohled, kter\u00fd si vyberete pro st\u0159elbu na extr\u00e9mn\u00ed vzd\u00e1lenosti.<\/p>\n","protected":false},"featured_media":80991,"template":"","meta":{"_acf_changed":false},"product_brand":[11883],"product_cat":[12685,12653],"product_tag":[],"class_list":{"0":"post-106571","1":"product","2":"type-product","3":"status-publish","4":"has-post-thumbnail","6":"product_brand-tangent-theta","7":"product_cat-mireni","8":"product_cat-zvetsujici-optika","10":"first","11":"instock","12":"taxable","13":"shipping-taxable","14":"purchasable","15":"product-type-variable","16":"wvs-archive-product-wrapper"},"acf":[],"_links":{"self":[{"href":"https:\/\/staging.nbg.eu\/cs\/wp-json\/wp\/v2\/product\/106571","targetHints":{"allow":["GET"]}}],"collection":[{"href":"https:\/\/staging.nbg.eu\/cs\/wp-json\/wp\/v2\/product"}],"about":[{"href":"https:\/\/staging.nbg.eu\/cs\/wp-json\/wp\/v2\/types\/product"}],"wp:featuredmedia":[{"embeddable":true,"href":"https:\/\/staging.nbg.eu\/cs\/wp-json\/wp\/v2\/media\/80991"}],"wp:attachment":[{"href":"https:\/\/staging.nbg.eu\/cs\/wp-json\/wp\/v2\/media?parent=106571"}],"wp:term":[{"taxonomy":"product_brand","embeddable":true,"href":"https:\/\/staging.nbg.eu\/cs\/wp-json\/wp\/v2\/product_brand?post=106571"},{"taxonomy":"product_cat","embeddable":true,"href":"https:\/\/staging.nbg.eu\/cs\/wp-json\/wp\/v2\/product_cat?post=106571"},{"taxonomy":"product_tag","embeddable":true,"href":"https:\/\/staging.nbg.eu\/cs\/wp-json\/wp\/v2\/product_tag?post=106571"}],"curies":[{"name":"wp","href":"https:\/\/api.w.org\/{rel}","templated":true}]}}