{"id":105984,"date":"2024-11-17T08:06:47","date_gmt":"2024-12-30T09:19:56","guid":{"rendered":"https:\/\/staging.nbg.eu\/product\/tangent-theta-tt525p-5-25x56mm-professional\/"},"modified":"2024-12-30T09:22:37","modified_gmt":"2024-12-30T09:22:37","slug":"tangent-theta-tt525p-5-25x56mm-professional","status":"publish","type":"product","link":"https:\/\/staging.nbg.eu\/cs\/produkt\/tangent-theta-tt525p-5-25x56mm-professional\/","title":{"rendered":"Tangent Theta TT525P (5-25x56mm Professional)"},"content":{"rendered":"<h2>Tangent Theta TT525P 5-25x56mm Profesion\u00e1ln\u00ed pu\u0161kov\u00fd dalekohled<\/h2>\n<p>Tangent Theta TT525P je zam\u011b\u0159ovac\u00ed p\u0159\u00edstroj pro dlouh\u00e9 vzd\u00e1lenosti navr\u017een\u00fd pro profesion\u00e1ln\u00ed st\u0159elce. Vyrobeno v Kanad\u011b, tento pu\u0161kov\u00fd dalekohled kombinuje odolnost, mechanickou p\u0159esnost a optickou kvalitu.<\/p>\n<h2>Hlavn\u00ed vlastnosti:<\/h2>\n<ul>\n<li>56mm objektiv pro sb\u011br sv\u011btla<\/li>\n<li>34mm hlavn\u00ed tubus pro zv\u00fd\u0161en\u00fd rozsah nastaven\u00ed<\/li>\n<li>5-25x rozsah zv\u011bt\u0161en\u00ed<\/li>\n<li>Jeden\u00e1ct nastaven\u00ed osv\u011btlen\u00ed z\u00e1m\u011brn\u00e9 osnovy<\/li>\n<li>Bo\u010dn\u00ed nastaven\u00ed paralaxy od 50m do nekone\u010dna<\/li>\n<li>Patentovan\u00e1 funkce TOOL-LESS RE-ZERO\u00ae (US Patent # 10,591,253)<\/li>\n<li>Netranslatuj\u00edc\u00ed ovlada\u010de s eleva\u010dn\u00edm stop-nulov\u00fdm bodem<\/li>\n<li>Dvojit\u00e1 oto\u010dka elevace s indik\u00e1torem ot\u00e1\u010dky<\/li>\n<li>Uzamykateln\u00e9 rychl\u00e9 nastaven\u00ed dioptri\u00ed (-3 a\u017e +2,5)<\/li>\n<\/ul>\n<h2>Z\u00e1m\u011brn\u00e9 osnovy:<\/h2>\n<ul>\n<li>Gen 2 XR z\u00e1m\u011brn\u00e1 osnova<\/li>\n<li>MoA-ER<\/li>\n<li>Gen 3 XR z\u00e1m\u011brn\u00e1 osnova<\/li>\n<li>Gen 2 MoA-ER<\/li>\n<li>Gen 3 XR Fine z\u00e1m\u011brn\u00e1 osnova<\/li>\n<li>Horus H59 z\u00e1m\u011brn\u00e1 osnova<\/li>\n<li>Horus Tremor3 z\u00e1m\u011brn\u00e1 osnova<\/li>\n<li>JTAC z\u00e1m\u011brn\u00e1 osnova<\/li>\n<li>Gen 2 XR z\u00e1m\u011brn\u00e1 osnova, AIF<\/li>\n<li>Gen 3 XR z\u00e1m\u011brn\u00e1 osnova, AIF<\/li>\n<li>Gen 3 XR Fine z\u00e1m\u011brn\u00e1 osnova, AIF<\/li>\n<li>JTAC z\u00e1m\u011brn\u00e1 osnova, AIF<\/li>\n<li>Horus Tremor3 z\u00e1m\u011brn\u00e1 osnova, AIF<\/li>\n<\/ul>\n<h2>P\u0159esnost:<\/h2>\n<p>TT525P m\u00e1 celkov\u00fd rozsah nastaven\u00ed 30 mrad (103 MoA) pro elevaci a \u00b110 mrad (\u00b134 MoA) pro stranov\u00e9 nastaven\u00ed. S rozli\u0161en\u00edm nastaven\u00ed 0,1 mrad nebo 1\/4 MoA.<\/p>\n<h2>Optika:<\/h2>\n<p>Vzd\u00e1lenost oka 90mm a zorn\u00e9 pole od 7,6m na 100m (5x) do 1,6m na 100m (25x). 56mm objektiv zaji\u0161\u0165uje p\u0159enos sv\u011btla.<\/p>\n<h2>Odolnost:<\/h2>\n<p>TT525P je vodot\u011bsn\u00fd do 10 metr\u016f po dobu 4 hodin a odoln\u00fd proti n\u00e1razu 700g p\u0159i 10 000 cyklech. Matn\u00fd povrch s anodizac\u00ed typu II poskytuje dodate\u010dnou ochranu.<\/p>\n<h2>Mo\u017enosti z\u00e1m\u011brn\u00e9 osnovy:<\/h2>\n<p>K dispozici jsou z\u00e1m\u011brn\u00e9 osnovy Gen 2XR, MoA, Gen 3XR, H-59, Tremor3, JTAC, Gen 3 XR Fine a GEN2 MOA-ER.<\/p>\n<h2>Dal\u0161\u00ed specifikace:<\/h2>\n<ul>\n<li>D\u00e9lka: 425mm<\/li>\n<li>Hmotnost: 1150g<\/li>\n<li>Pr\u016fm\u011br objektivu: 65mm<\/li>\n<li>Osv\u011btlen\u00ed: LED s 11 nastaven\u00edmi<\/li>\n<li>Baterie: DL2032 3v lithium<\/li>\n<\/ul>\n<p>Tangent Theta TT525P se dod\u00e1v\u00e1 s kryty \u010do\u010dek Tenebraex a ARD.<\/p>\n","protected":false},"excerpt":{"rendered":"<p>Profesion\u00e1ln\u00ed pu\u0161kohled 5-25x56mm. Odoln\u00fd, p\u0159esn\u00fd, s vynikaj\u00edc\u00ed optikou.<\/p>\n","protected":false},"featured_media":100869,"template":"","meta":{"_acf_changed":false},"product_brand":[11883],"product_cat":[12685,12653],"product_tag":[],"class_list":{"0":"post-105984","1":"product","2":"type-product","3":"status-publish","4":"has-post-thumbnail","6":"product_brand-tangent-theta","7":"product_cat-mireni","8":"product_cat-zvetsujici-optika","10":"first","11":"instock","12":"taxable","13":"shipping-taxable","14":"purchasable","15":"product-type-variable","16":"wvs-archive-product-wrapper"},"acf":[],"_links":{"self":[{"href":"https:\/\/staging.nbg.eu\/cs\/wp-json\/wp\/v2\/product\/105984","targetHints":{"allow":["GET"]}}],"collection":[{"href":"https:\/\/staging.nbg.eu\/cs\/wp-json\/wp\/v2\/product"}],"about":[{"href":"https:\/\/staging.nbg.eu\/cs\/wp-json\/wp\/v2\/types\/product"}],"wp:featuredmedia":[{"embeddable":true,"href":"https:\/\/staging.nbg.eu\/cs\/wp-json\/wp\/v2\/media\/100869"}],"wp:attachment":[{"href":"https:\/\/staging.nbg.eu\/cs\/wp-json\/wp\/v2\/media?parent=105984"}],"wp:term":[{"taxonomy":"product_brand","embeddable":true,"href":"https:\/\/staging.nbg.eu\/cs\/wp-json\/wp\/v2\/product_brand?post=105984"},{"taxonomy":"product_cat","embeddable":true,"href":"https:\/\/staging.nbg.eu\/cs\/wp-json\/wp\/v2\/product_cat?post=105984"},{"taxonomy":"product_tag","embeddable":true,"href":"https:\/\/staging.nbg.eu\/cs\/wp-json\/wp\/v2\/product_tag?post=105984"}],"curies":[{"name":"wp","href":"https:\/\/api.w.org\/{rel}","templated":true}]}}